{"id":141,"date":"2023-04-12T18:21:52","date_gmt":"2023-04-12T16:21:52","guid":{"rendered":"https:\/\/liberecky.pionyr.cz\/?page_id=141"},"modified":"2026-01-19T19:31:50","modified_gmt":"2026-01-19T18:31:50","slug":"pionyrske-skupiny","status":"publish","type":"page","link":"https:\/\/liberecky.pionyr.cz\/?page_id=141","title":{"rendered":"Pion\u00fdrsk\u00e9 skupiny"},"content":{"rendered":"<p>&nbsp;<\/p>\n<h6><a href=\"https:\/\/liberecky.pionyr.cz\/?page_id=153\"><img loading=\"lazy\" decoding=\"async\" class=\"alignleft wp-image-859\" src=\"https:\/\/liberecky.pionyr.cz\/wp-content\/uploads\/2026\/01\/logo-modra-150x150.png\" alt=\"\" width=\"120\" height=\"121\" srcset=\"https:\/\/liberecky.pionyr.cz\/wp-content\/uploads\/2026\/01\/logo-modra-150x150.png 150w, https:\/\/liberecky.pionyr.cz\/wp-content\/uploads\/2026\/01\/logo-modra-296x300.png 296w, https:\/\/liberecky.pionyr.cz\/wp-content\/uploads\/2026\/01\/logo-modra-1012x1024.png 1012w, https:\/\/liberecky.pionyr.cz\/wp-content\/uploads\/2026\/01\/logo-modra-768x777.png 768w, https:\/\/liberecky.pionyr.cz\/wp-content\/uploads\/2026\/01\/logo-modra-1080x1093.png 1080w, https:\/\/liberecky.pionyr.cz\/wp-content\/uploads\/2026\/01\/logo-modra.png 1168w\" sizes=\"auto, (max-width: 120px) 100vw, 120px\" \/><\/a><a href=\"https:\/\/liberecky.pionyr.cz\/?page_id=153\"><strong>Pion\u00fdrsk\u00e1 skupina &#8211; KATAMAR\u00c1N<\/strong><\/a><\/h6>\n<p>Katamar\u00e1n Liberec je vod\u00e1ck\u00fd odd\u00edl, kter\u00fd organizuje pravideln\u00e9 p\u00e1te\u010dn\u00ed tr\u00e9ninky, soust\u0159ed\u011bn\u00ed a letn\u00ed t\u00e1bory. Katamar\u00e1n mnoho let vyu\u017e\u00edv\u00e1 \u0161koln\u00ed sportovn\u00ed baz\u00e9n a t\u011blocvi\u010dnu na\u00a0<a href=\"http:\/\/www.zs-jestedska.cz\/\" target=\"_blank\" rel=\"noopener\">Z\u0160 Je\u0161t\u011bdsk\u00e9<\/a> v Liberci, kde je i z\u00e1zem\u00ed odd\u00edlu k jeho \u010dinnosti. Odd\u00edl je tvo\u0159en p\u0159ev\u00e1\u017en\u011b ze \u017e\u00e1k\u016f Z\u0160 Je\u0161t\u011bdsk\u00e1. Mnoz\u00ed z nich v Katamar\u00e1nu z\u016fst\u00e1vaj\u00ed i po ukon\u010den\u00ed povinn\u00e9 \u0161koln\u00ed doch\u00e1zky a v pr\u00e1ci s d\u011btmi pokra\u010duj\u00ed jako instrukto\u0159i a vedouc\u00ed.<\/p>\n<p>&nbsp;<\/p>\n<h6><a href=\"https:\/\/liberecky.pionyr.cz\/?page_id=225\"><strong><img loading=\"lazy\" decoding=\"async\" class=\"wp-image-114 alignleft\" src=\"https:\/\/liberecky.pionyr.cz\/wp-content\/uploads\/2023\/04\/pionyr1_vert_rgb-295x300.png\" alt=\"\" width=\"120\" height=\"122\" srcset=\"https:\/\/liberecky.pionyr.cz\/wp-content\/uploads\/2023\/04\/pionyr1_vert_rgb-295x300.png 295w, https:\/\/liberecky.pionyr.cz\/wp-content\/uploads\/2023\/04\/pionyr1_vert_rgb-768x780.png 768w, https:\/\/liberecky.pionyr.cz\/wp-content\/uploads\/2023\/04\/pionyr1_vert_rgb.png 1000w\" sizes=\"auto, (max-width: 120px) 100vw, 120px\" \/>Pion\u00fdrsk\u00e1 skupina &#8211; RALSKO<\/strong><\/a><\/h6>\n<p>Pion\u00fdrsk\u00e1 skupina Ralsko je kolektiv d\u011bt\u00ed a dosp\u011bl\u00fdch s\u00eddl\u00edc\u00ed v \u010cesk\u00e9 L\u00edp\u011b, ale jeho\u017e \u010dlensk\u00e1 z\u00e1kladna p\u0159esahuje hranice \u010deskolipsk\u00e9ho okresu a dokonce i Libereck\u00e9ho kraje. Skupina byla zalo\u017eena v roce 2005 a p\u016fvodn\u011b s\u00eddlila v Mimoni. Zm\u011bna s\u00eddla prob\u011bhla v roce 2023 a v sou\u010dasn\u00e9 dob\u011b zat\u00edm je\u0161t\u011b nem\u00e1me st\u00e1l\u00e9 z\u00e1zem\u00ed v \u010cesk\u00e9 L\u00edp\u011b. Vhodn\u00e9 prostory hled\u00e1me ve spolupr\u00e1ci s m\u011bstem. Hlavn\u00ed \u010dinnost\u00ed jsou kulturn\u00ed, turistick\u00e9, sportovn\u00ed a t\u00e1borov\u00e9 aktivity resp. akce, kter\u00e9 skupina po\u0159\u00e1d\u00e1 nejen pro sv\u00e9 \u010dleny. V\u0161ichni vedouc\u00ed a praktikanti (krom\u011b po\u0159\u00e1d\u00e1n\u00ed akc\u00ed) jezd\u00ed na na\u0161e 2 letn\u00ed t\u00e1bory, kter\u00e9 jsou pro n\u00e1s vyvrcholen\u00edm na\u0161\u00ed \u010dinnosti.<\/p>\n<p>&nbsp;<\/p>\n<h6><a href=\"https:\/\/liberecky.pionyr.cz\/?page_id=227\"><strong><img loading=\"lazy\" decoding=\"async\" class=\"wp-image-229 alignleft\" src=\"https:\/\/liberecky.pionyr.cz\/wp-content\/uploads\/2023\/04\/Logo-final-300x300.png\" alt=\"\" width=\"120\" height=\"120\" srcset=\"https:\/\/liberecky.pionyr.cz\/wp-content\/uploads\/2023\/04\/Logo-final-300x300.png 300w, https:\/\/liberecky.pionyr.cz\/wp-content\/uploads\/2023\/04\/Logo-final-1024x1024.png 1024w, https:\/\/liberecky.pionyr.cz\/wp-content\/uploads\/2023\/04\/Logo-final-150x150.png 150w, https:\/\/liberecky.pionyr.cz\/wp-content\/uploads\/2023\/04\/Logo-final-768x768.png 768w, https:\/\/liberecky.pionyr.cz\/wp-content\/uploads\/2023\/04\/Logo-final-1080x1080.png 1080w, https:\/\/liberecky.pionyr.cz\/wp-content\/uploads\/2023\/04\/Logo-final.png 1260w\" sizes=\"auto, (max-width: 120px) 100vw, 120px\" \/>Pion\u00fdrsk\u00e1 skupina &#8211; TU\u017d\u00cd\u0147\u00c1CI<\/strong><\/a><\/h6>\n<p>Pion\u00fdrsk\u00e1 skupina Tu\u017e\u00ed\u0148\u00e1ci byla zalo\u017eena v roce 2014 a od t\u00e9 doby jsme pracovali na vytv\u00e1\u0159en\u00ed siln\u00e9ho spole\u010denstv\u00ed, kde d\u011bti a ml\u00e1de\u017e mohou r\u016fst a rozv\u00edjet se. N\u00e1\u0161 t\u00fdm zku\u0161en\u00fdch vedouc\u00edch a instruktor\u016f se rekrutuje z \u0159ad na\u0161ich \u010dlen\u016f a spojuje je spole\u010dn\u00fd c\u00edl a to podporovat osobn\u00ed a dovednostn\u00ed rozvoj na\u0161ich \u010dlen\u016f. V\u0161ichni z\u00e1jemci o pr\u00e1ci s d\u011btmi se n\u00e1sledn\u011b z\u00fa\u010dast\u0148uj\u00ed \u0161kolen\u00ed pro vedouc\u00ed a instruktory po\u0159\u00e1dan\u00e9 Pion\u00fdrem a v\u0161ichni pravideln\u011b absolvuj\u00ed pro\u0161kolen\u00ed v prvn\u00ed pomoci a bezpe\u010dnosti pr\u00e1ce. Ve\u0161ker\u00e1 na\u0161e \u010dinnost je zalo\u017eena na dobrovolnictv\u00ed a aktivn\u00edm zapojen\u00ed do komunity.<\/p>\n<p><span style=\"color: #ffffff;\">ako inst<\/span><\/p>\n<p>&nbsp;<\/p>\n<h6><a href=\"https:\/\/liberecky.pionyr.cz\/?page_id=284\"><strong><img loading=\"lazy\" decoding=\"async\" class=\"wp-image-294 alignleft\" src=\"https:\/\/liberecky.pionyr.cz\/wp-content\/uploads\/2023\/05\/IMG_1774-transformed-300x300.png\" alt=\"\" width=\"121\" height=\"121\" srcset=\"https:\/\/liberecky.pionyr.cz\/wp-content\/uploads\/2023\/05\/IMG_1774-transformed-300x300.png 300w, https:\/\/liberecky.pionyr.cz\/wp-content\/uploads\/2023\/05\/IMG_1774-transformed-150x150.png 150w, https:\/\/liberecky.pionyr.cz\/wp-content\/uploads\/2023\/05\/IMG_1774-transformed.png 704w\" sizes=\"auto, (max-width: 121px) 100vw, 121px\" \/>Pion\u00fdrsk\u00e1 skupina &#8211; Objevitel\u00e9<\/strong><\/a><\/h6>\n<p>N\u00e1\u0161 odd\u00edl Objevitel\u016f se pravideln\u011b sch\u00e1z\u00ed v prostor\u00e1ch na\u0161\u00ed klubovny v ulici Krej\u010d\u00edho 3, Liberec 6, a to ka\u017edou st\u0159edu, v\u017edy od 16:30 do 18:00 hod. Mimo na\u0161e sch\u016fzky v klubovn\u011b pak jednou m\u011bs\u00ed\u010dn\u011b podnik\u00e1me r\u016fzn\u00e9 v\u00fdlety nebo t\u0159\u00eddenn\u00ed v\u00edkendov\u00e9 akce. Budeme r\u00e1di, pokud i ty p\u0159ijde\u0161 mezi n\u00e1s, nudit se ur\u010dit\u011b nebude\u0161.<\/p>\n<p>&nbsp;<\/p>\n<p>&nbsp;<\/p>\n<h6><a href=\"https:\/\/liberecky.pionyr.cz\/?page_id=289\"><strong><img loading=\"lazy\" decoding=\"async\" class=\"wp-image-114 alignleft\" src=\"https:\/\/liberecky.pionyr.cz\/wp-content\/uploads\/2023\/04\/pionyr1_vert_rgb-295x300.png\" alt=\"\" width=\"120\" height=\"122\" srcset=\"https:\/\/liberecky.pionyr.cz\/wp-content\/uploads\/2023\/04\/pionyr1_vert_rgb-295x300.png 295w, https:\/\/liberecky.pionyr.cz\/wp-content\/uploads\/2023\/04\/pionyr1_vert_rgb-768x780.png 768w, https:\/\/liberecky.pionyr.cz\/wp-content\/uploads\/2023\/04\/pionyr1_vert_rgb.png 1000w\" sizes=\"auto, (max-width: 120px) 100vw, 120px\" \/>Pion\u00fdrsk\u00e1 skupina &#8211; V\u00dd\u0158I<\/strong><\/a><\/h6>\n<p>PS V\u00fd\u0159i je kolektiv d\u011bt\u00ed a dosp\u011bl\u00fdch, s\u00eddl\u00edc\u00ed v severo\u010desk\u00e9m m\u011bste\u010dku Str\u00e1\u017e pod Ralskem (Libereck\u00fd kraj), zast\u0159e\u0161en\u00fd organizac\u00ed Pion\u00fdr. Historie V\u00fdr\u016f sah\u00e1 do roku 1987, kdy poprv\u00e9 n\u011bkolik str\u00e1\u017esk\u00fdch holek a kluk\u016f dobylo p\u0159ilehl\u00e9 lesy, louky a h\u0159i\u0161t\u011b a od t\u00e9 doby zde pravideln\u011b \u0159\u00e1d\u00ed. Od dob \u00fapln\u00fdch za\u010d\u00e1tk\u016f se toho mnoho nezm\u011bnilo. Snad jen to, \u017ee jsme po\u010detn\u011bj\u0161\u00ed, a d\u00edky domovsk\u00e9mu m\u011bstu a prost\u0159edk\u016fm z EU m\u00e1me k dispozici st\u00e1le p\u0159\u00edjemn\u011bj\u0161\u00ed z\u00e1zem\u00ed. Tak\u00e9 se sna\u017e\u00edme neuzav\u00edrat se p\u0159ed sv\u011btem, ale naopak v\u00edce promlouvat do d\u011bn\u00ed ve Str\u00e1\u017ei.<br \/>\nAle tak jako kdysi i dnes plat\u00ed, \u017ee jsme dobrovoln\u011b se sch\u00e1zej\u00edc\u00edm kolektivem s velmi aktivn\u00edm programem, touhou pozn\u00e1vat, hr\u00e1t si a za\u017e\u00edt n\u011bjak\u00e9 to dobrodru\u017estv\u00ed.<\/p>\n<p>&nbsp;<\/p>\n<h6><a href=\"https:\/\/liberecky.pionyr.cz\/?page_id=288\"><strong><img loading=\"lazy\" decoding=\"async\" class=\"wp-image-114 alignleft\" src=\"https:\/\/liberecky.pionyr.cz\/wp-content\/uploads\/2023\/04\/pionyr1_vert_rgb-295x300.png\" alt=\"\" width=\"120\" height=\"122\" srcset=\"https:\/\/liberecky.pionyr.cz\/wp-content\/uploads\/2023\/04\/pionyr1_vert_rgb-295x300.png 295w, https:\/\/liberecky.pionyr.cz\/wp-content\/uploads\/2023\/04\/pionyr1_vert_rgb-768x780.png 768w, https:\/\/liberecky.pionyr.cz\/wp-content\/uploads\/2023\/04\/pionyr1_vert_rgb.png 1000w\" sizes=\"auto, (max-width: 120px) 100vw, 120px\" \/>1. Pion\u00fdrsk\u00e1 skupina<\/strong><\/a><\/h6>\n<p>Na\u0161e pion\u00fdrsk\u00e1 skupina funguje v sou\u010dasn\u00e9 dob\u011b tak, \u017ee m\u00e1me jeden odd\u00edl s pravidelnou \u010dinnost\u00ed \u2013 Dr\u00e1\u010data \u2013 a d\u00e1le po\u0159\u00e1d\u00e1me 2 b\u011bhy letn\u00edho t\u00e1bora na t\u00e1borov\u00e9 z\u00e1kladn\u011b v B\u011bl\u00e9 u Pecky. Na\u0161e t\u00e1bory maj\u00ed tradici ji\u017e od roku 1975. Ka\u017ed\u00e9ho b\u011bhu se \u00fa\u010dastn\u00ed zhruba 40 d\u011bt\u00ed a 15-20 vedouc\u00edch a instruktor\u016f. V\u011bt\u0161ina osazenstva jsou pro\u0161kolen\u00fdmi \u010dleny Pion\u00fdra. P\u0159\u00edpravou programu t\u00e1bora se ob\u011b party vedouc\u00edch zab\u00fdvaj\u00ed b\u011bhem cel\u00e9ho \u0161koln\u00edho roku. Odd\u00edl Dr\u00e1\u010data m\u00e1 pravideln\u00e9 sch\u016fzky v\u017edy v p\u00e1tek od 15.15 do 16.45 hodin. Sch\u00e1z\u00edme se p\u0159ev\u00e1\u017en\u011b v Z\u0160 Libereck\u00e1 31, kde si pronaj\u00edm\u00e1me prostory t\u011blocvi\u010dny. Dr\u00e1\u010data funguj\u00ed ji\u017e devaten\u00e1ct\u00fd \u0161koln\u00ed rok. Vedouc\u00ed odd\u00edlu je celou dobu Lenka \u017duchov\u00e1, ostatn\u00ed vedouc\u00ed a instrukto\u0159i se rekrutovali z \u0159ad odrostl\u00fdch d\u011bt\u00ed. Vedouc\u00edch a instruktor\u016f je nyn\u00ed 5, d\u011bt\u00ed 12. S Dr\u00e1\u010daty pravideln\u011b jezd\u00edme o pololetn\u00edch pr\u00e1zdnin\u00e1ch na Ledovou Prahu, o velikono\u010dn\u00edch pr\u00e1zdnin\u00e1ch a na podzim na Pecku, d\u00e1le se ve Str\u00e1\u017ei pod Ralskem \u00fa\u010dastn\u00edme turnaje v Ringu. To jsou pravideln\u00e9 v\u00edkendov\u00e9 akce. M\u00edsto sch\u016fzky ve \u0161kole tak\u00e9 n\u011bkdy jdeme do baz\u00e9nu, o jarn\u00edch pr\u00e1zdnin\u00e1ch bruslit, nebo do haly na pinpong.<\/p>\n<p>&nbsp;<\/p>\n<h6><a href=\"https:\/\/liberecky.pionyr.cz\/?page_id=287\"><strong><img loading=\"lazy\" decoding=\"async\" class=\"wp-image-114 alignleft\" src=\"https:\/\/liberecky.pionyr.cz\/wp-content\/uploads\/2023\/04\/pionyr1_vert_rgb-295x300.png\" alt=\"\" width=\"120\" height=\"122\" srcset=\"https:\/\/liberecky.pionyr.cz\/wp-content\/uploads\/2023\/04\/pionyr1_vert_rgb-295x300.png 295w, https:\/\/liberecky.pionyr.cz\/wp-content\/uploads\/2023\/04\/pionyr1_vert_rgb-768x780.png 768w, https:\/\/liberecky.pionyr.cz\/wp-content\/uploads\/2023\/04\/pionyr1_vert_rgb.png 1000w\" sizes=\"auto, (max-width: 120px) 100vw, 120px\" \/>3. Pion\u00fdrsk\u00e1 skupina<\/strong><\/a><\/h6>\n<div>3. PS Jablonec nad Nisou m\u00e1 d\u011bti rozd\u00edln\u00e9ho v\u011bku a jsou p\u0159ev\u00e1\u017en\u011b z Jablonce a okol\u00ed. Na\u0161e sch\u016fzky jsou zam\u011b\u0159en\u00e9 hodn\u011b na turistiku a hry venku. N\u011bkdy vyu\u017e\u00edv\u00e1me i baz\u00e9n v na\u0161em m\u011bst\u011b. V l\u00e9t\u011b po\u0159\u00e1d\u00e1me t\u00e1bory, kter\u00e9 jsou zam\u011b\u0159en\u00e9 r\u016fzn\u011b, s rozd\u00edlnou t\u00e9matikou, nap\u0159\u00edklad Harry Potter, Amazonie, Vesm\u00edr, Indi\u00e1ni,&#8230; Sna\u017e\u00edme se d\u011btem uk\u00e1zat odli\u0161n\u00e9 t\u00e1bory i hry s r\u016fznorod\u00fdm zam\u011b\u0159en\u00edm a v l\u00e9t\u011b, pokud to p\u0159\u00edroda dovol\u00ed, sj\u00ed\u017ed\u00edme \u0159eku S\u00e1zavu.<\/div>\n<div><\/div>\n<p><span style=\"color: #ffffff;\">rukto\u0159i a vedouc\u00ed.<\/span><\/p>\n","protected":false},"excerpt":{"rendered":"<p>&nbsp; Pion\u00fdrsk\u00e1 skupina &#8211; KATAMAR\u00c1N Katamar\u00e1n Liberec je vod\u00e1ck\u00fd odd\u00edl, kter\u00fd organizuje pravideln\u00e9 p\u00e1te\u010dn\u00ed tr\u00e9ninky, soust\u0159ed\u011bn\u00ed a letn\u00ed t\u00e1bory. Katamar\u00e1n mnoho let vyu\u017e\u00edv\u00e1 \u0161koln\u00ed sportovn\u00ed baz\u00e9n a t\u011blocvi\u010dnu na\u00a0Z\u0160 Je\u0161t\u011bdsk\u00e9 [&hellip;]<\/p>\n","protected":false},"author":2,"featured_media":0,"parent":0,"menu_order":0,"comment_status":"closed","ping_status":"closed","template":"","meta":{"_et_pb_use_builder":"","_et_pb_old_content":"","_et_gb_content_width":"","footnotes":""},"class_list":["post-141","page","type-page","status-publish","hentry"],"_links":{"self":[{"href":"https:\/\/liberecky.pionyr.cz\/index.php?rest_route=\/wp\/v2\/pages\/141","targetHints":{"allow":["GET"]}}],"collection":[{"href":"https:\/\/liberecky.pionyr.cz\/index.php?rest_route=\/wp\/v2\/pages"}],"about":[{"href":"https:\/\/liberecky.pionyr.cz\/index.php?rest_route=\/wp\/v2\/types\/page"}],"author":[{"embeddable":true,"href":"https:\/\/liberecky.pionyr.cz\/index.php?rest_route=\/wp\/v2\/users\/2"}],"replies":[{"embeddable":true,"href":"https:\/\/liberecky.pionyr.cz\/index.php?rest_route=%2Fwp%2Fv2%2Fcomments&post=141"}],"version-history":[{"count":0,"href":"https:\/\/liberecky.pionyr.cz\/index.php?rest_route=\/wp\/v2\/pages\/141\/revisions"}],"wp:attachment":[{"href":"https:\/\/liberecky.pionyr.cz\/index.php?rest_route=%2Fwp%2Fv2%2Fmedia&parent=141"}],"curies":[{"name":"wp","href":"https:\/\/api.w.org\/{rel}","templated":true}]}}