{"id":153,"date":"2023-04-15T01:00:57","date_gmt":"2023-04-14T23:00:57","guid":{"rendered":"https:\/\/liberecky.pionyr.cz\/?page_id=153"},"modified":"2026-01-19T19:32:35","modified_gmt":"2026-01-19T18:32:35","slug":"katamaran-liberec","status":"publish","type":"page","link":"https:\/\/liberecky.pionyr.cz\/?page_id=153","title":{"rendered":"Pion\u00fdrsk\u00e1 skupina  &#8211; KATAMAR\u00c1N"},"content":{"rendered":"<h3>PIon\u00fdrsk\u00e1 skupina KATAMAR\u00c1N<\/h3>\n<p><img loading=\"lazy\" decoding=\"async\" class=\"alignleft wp-image-859\" src=\"https:\/\/liberecky.pionyr.cz\/wp-content\/uploads\/2026\/01\/logo-modra-296x300.png\" alt=\"\" width=\"249\" height=\"252\" srcset=\"https:\/\/liberecky.pionyr.cz\/wp-content\/uploads\/2026\/01\/logo-modra-296x300.png 296w, https:\/\/liberecky.pionyr.cz\/wp-content\/uploads\/2026\/01\/logo-modra-1012x1024.png 1012w, https:\/\/liberecky.pionyr.cz\/wp-content\/uploads\/2026\/01\/logo-modra-768x777.png 768w, https:\/\/liberecky.pionyr.cz\/wp-content\/uploads\/2026\/01\/logo-modra-1080x1093.png 1080w, https:\/\/liberecky.pionyr.cz\/wp-content\/uploads\/2026\/01\/logo-modra.png 1168w\" sizes=\"auto, (max-width: 249px) 100vw, 249px\" \/><\/p>\n<p style=\"margin: 6.0pt 0cm 6.0pt 0cm;\"><strong>Hlavn\u00ed vedouc\u00ed:<\/strong> Ji\u0159\u00ed Manych<br \/>\n<strong>Hospod\u00e1\u0159:<\/strong> Helena Novotn\u00e1<\/p>\n<p style=\"margin: 6.0pt 0cm 6.0pt 0cm;\"><strong>Adresa s\u00eddla:<\/strong> \u010cesk\u00e1 288, 463 12 Liberec 25<br \/>\n<strong>Doru\u010dovac\u00ed adresa:<\/strong> Z\u00e1vist 1157, 156 00 Praha 5 &#8211; Z\u00e1vist<strong><br \/>\nI\u010c:<\/strong> 68974698<\/p>\n<p style=\"margin: 6.0pt 0cm 6.0pt 0cm;\"><strong>E-mail:<\/strong> katamaran.liberec@gmail.com<br \/>\n<strong>Telefon:<\/strong> +420 606 251 363<br \/>\n<strong>Web:<\/strong> <a href=\"http:\/\/www.katamaran-liberec.cz\">httwww.katamaran-liberec.cz<\/a><\/p>\n<p>&nbsp;<\/p>\n<p><strong>Soci\u00e1ln\u00ed s\u00edt\u011b:<\/strong><\/p>\n<h3><a href=\"https:\/\/www.instagram.com\/katamaran_liberec\/\"><img loading=\"lazy\" decoding=\"async\" class=\"wp-image-222 alignleft\" src=\"https:\/\/liberecky.pionyr.cz\/wp-content\/uploads\/2023\/04\/instagram-logo-300x291.png\" alt=\"\" width=\"70\" height=\"68\" srcset=\"https:\/\/liberecky.pionyr.cz\/wp-content\/uploads\/2023\/04\/instagram-logo-300x291.png 300w, https:\/\/liberecky.pionyr.cz\/wp-content\/uploads\/2023\/04\/instagram-logo.png 600w\" sizes=\"auto, (max-width: 70px) 100vw, 70px\" \/><\/a><a href=\"https:\/\/www.facebook.com\/katamaranliberec\"><img loading=\"lazy\" decoding=\"async\" class=\"wp-image-223 alignleft\" src=\"https:\/\/liberecky.pionyr.cz\/wp-content\/uploads\/2023\/04\/Facebook-Logo-300x169.png\" alt=\"\" width=\"121\" height=\"68\" \/><\/a><a href=\"https:\/\/www.youtube.com\/@katamaranliberec2031\"><img loading=\"lazy\" decoding=\"async\" class=\"wp-image-224 alignleft\" src=\"https:\/\/liberecky.pionyr.cz\/wp-content\/uploads\/2023\/04\/YouTube-Logo.wine_-300x200.png\" alt=\"\" width=\"117\" height=\"78\" srcset=\"https:\/\/liberecky.pionyr.cz\/wp-content\/uploads\/2023\/04\/YouTube-Logo.wine_-300x200.png 300w, https:\/\/liberecky.pionyr.cz\/wp-content\/uploads\/2023\/04\/YouTube-Logo.wine_-1024x683.png 1024w, https:\/\/liberecky.pionyr.cz\/wp-content\/uploads\/2023\/04\/YouTube-Logo.wine_-768x512.png 768w, https:\/\/liberecky.pionyr.cz\/wp-content\/uploads\/2023\/04\/YouTube-Logo.wine_-1536x1024.png 1536w, https:\/\/liberecky.pionyr.cz\/wp-content\/uploads\/2023\/04\/YouTube-Logo.wine_-2048x1365.png 2048w, https:\/\/liberecky.pionyr.cz\/wp-content\/uploads\/2023\/04\/YouTube-Logo.wine_-1080x720.png 1080w\" sizes=\"auto, (max-width: 117px) 100vw, 117px\" \/><\/a><\/h3>\n","protected":false},"excerpt":{"rendered":"<p>PIon\u00fdrsk\u00e1 skupina KATAMAR\u00c1N Hlavn\u00ed vedouc\u00ed: Ji\u0159\u00ed Manych Hospod\u00e1\u0159: Helena Novotn\u00e1 Adresa s\u00eddla: \u010cesk\u00e1 288, 463 12 Liberec 25 Doru\u010dovac\u00ed adresa: Z\u00e1vist 1157, 156 00 Praha 5 &#8211; Z\u00e1vist I\u010c: 68974698 [&hellip;]<\/p>\n","protected":false},"author":2,"featured_media":0,"parent":0,"menu_order":0,"comment_status":"closed","ping_status":"closed","template":"","meta":{"_et_pb_use_builder":"","_et_pb_old_content":"","_et_gb_content_width":"","footnotes":""},"class_list":["post-153","page","type-page","status-publish","hentry"],"_links":{"self":[{"href":"https:\/\/liberecky.pionyr.cz\/index.php?rest_route=\/wp\/v2\/pages\/153","targetHints":{"allow":["GET"]}}],"collection":[{"href":"https:\/\/liberecky.pionyr.cz\/index.php?rest_route=\/wp\/v2\/pages"}],"about":[{"href":"https:\/\/liberecky.pionyr.cz\/index.php?rest_route=\/wp\/v2\/types\/page"}],"author":[{"embeddable":true,"href":"https:\/\/liberecky.pionyr.cz\/index.php?rest_route=\/wp\/v2\/users\/2"}],"replies":[{"embeddable":true,"href":"https:\/\/liberecky.pionyr.cz\/index.php?rest_route=%2Fwp%2Fv2%2Fcomments&post=153"}],"version-history":[{"count":0,"href":"https:\/\/liberecky.pionyr.cz\/index.php?rest_route=\/wp\/v2\/pages\/153\/revisions"}],"wp:attachment":[{"href":"https:\/\/liberecky.pionyr.cz\/index.php?rest_route=%2Fwp%2Fv2%2Fmedia&parent=153"}],"curies":[{"name":"wp","href":"https:\/\/api.w.org\/{rel}","templated":true}]}}