{"id":225,"date":"2023-04-25T17:55:17","date_gmt":"2023-04-25T15:55:17","guid":{"rendered":"https:\/\/liberecky.pionyr.cz\/?page_id=225"},"modified":"2023-04-25T19:09:03","modified_gmt":"2023-04-25T17:09:03","slug":"pionyrska-skupina-ralsko","status":"publish","type":"page","link":"https:\/\/liberecky.pionyr.cz\/?page_id=225","title":{"rendered":"Pion\u00fdrsk\u00e1 skupina &#8211; RALSKO"},"content":{"rendered":"<h3>PION\u00ddRsK\u00c1 SKUPINA RALSKO<\/h3>\n<p><img loading=\"lazy\" decoding=\"async\" class=\"wp-image-114 alignleft\" src=\"https:\/\/liberecky.pionyr.cz\/wp-content\/uploads\/2023\/04\/pionyr1_vert_rgb-295x300.png\" alt=\"\" width=\"250\" height=\"254\" srcset=\"https:\/\/liberecky.pionyr.cz\/wp-content\/uploads\/2023\/04\/pionyr1_vert_rgb-295x300.png 295w, https:\/\/liberecky.pionyr.cz\/wp-content\/uploads\/2023\/04\/pionyr1_vert_rgb-768x780.png 768w, https:\/\/liberecky.pionyr.cz\/wp-content\/uploads\/2023\/04\/pionyr1_vert_rgb.png 1000w\" sizes=\"auto, (max-width: 250px) 100vw, 250px\" \/><\/p>\n<p style=\"margin: 6.0pt 0cm 6.0pt 0cm;\"><strong>Hlavn\u00ed vedouc\u00ed:<\/strong> Vladim\u00edr Star\u00fd<br \/>\n<strong>Hospod\u00e1\u0159:<\/strong> Tom\u00e1\u0161 Urban<\/p>\n<p style=\"margin: 6.0pt 0cm 6.0pt 0cm;\"><strong>Adresa s\u00eddla:<\/strong> St\u0159elnice 2290, 470 01 \u010cesk\u00e1 L\u00edpa<br \/>\n<strong>Doru\u010dovac\u00ed adresa:<\/strong> St\u0159elnice 2290, 470 01 \u010cesk\u00e1 L\u00edpa<strong><br \/>\nI\u010c:<\/strong> 71245758<\/p>\n<p style=\"margin: 6.0pt 0cm 6.0pt 0cm;\"><strong>E-mail:<\/strong> ps.ralsko@seznam.cz<br \/>\n<strong>Telefon:<\/strong> +420 724 790 776<br \/>\n<strong>Web:<\/strong> <a href=\"https:\/\/www.facebook.com\/profile.php?id=100090117516590\">https:\/\/www.facebook.com\/profile.php?id=100090117516590<\/a><\/p>\n<p>&nbsp;<\/p>\n<p style=\"margin: 6.0pt 0cm 6.0pt 0cm;\"><strong>Soci\u00e1ln\u00ed s\u00edt\u011b:<\/strong><\/p>\n<p style=\"margin: 6.0pt 0cm 6.0pt 0cm;\"><a href=\"https:\/\/www.facebook.com\/profile.php?id=100090117516590\"><img loading=\"lazy\" decoding=\"async\" class=\"alignnone wp-image-223\" src=\"https:\/\/liberecky.pionyr.cz\/wp-content\/uploads\/2023\/04\/Facebook-Logo-e1682441817936-300x72.png\" alt=\"\" width=\"133\" height=\"32\" srcset=\"https:\/\/liberecky.pionyr.cz\/wp-content\/uploads\/2023\/04\/Facebook-Logo-e1682441817936-300x72.png 300w, https:\/\/liberecky.pionyr.cz\/wp-content\/uploads\/2023\/04\/Facebook-Logo-e1682441817936-1024x246.png 1024w, https:\/\/liberecky.pionyr.cz\/wp-content\/uploads\/2023\/04\/Facebook-Logo-e1682441817936-768x184.png 768w, https:\/\/liberecky.pionyr.cz\/wp-content\/uploads\/2023\/04\/Facebook-Logo-e1682441817936-1536x368.png 1536w, https:\/\/liberecky.pionyr.cz\/wp-content\/uploads\/2023\/04\/Facebook-Logo-e1682441817936-2048x491.png 2048w, https:\/\/liberecky.pionyr.cz\/wp-content\/uploads\/2023\/04\/Facebook-Logo-e1682441817936-1080x259.png 1080w\" sizes=\"auto, (max-width: 133px) 100vw, 133px\" \/><\/a><\/p>\n<p>&nbsp;<\/p>\n","protected":false},"excerpt":{"rendered":"<p>PION\u00ddRsK\u00c1 SKUPINA RALSKO Hlavn\u00ed vedouc\u00ed: Vladim\u00edr Star\u00fd Hospod\u00e1\u0159: Tom\u00e1\u0161 Urban Adresa s\u00eddla: St\u0159elnice 2290, 470 01 \u010cesk\u00e1 L\u00edpa Doru\u010dovac\u00ed adresa: St\u0159elnice 2290, 470 01 \u010cesk\u00e1 L\u00edpa I\u010c: 71245758 E-mail: ps.ralsko@seznam.cz [&hellip;]<\/p>\n","protected":false},"author":2,"featured_media":0,"parent":0,"menu_order":0,"comment_status":"closed","ping_status":"closed","template":"","meta":{"_et_pb_use_builder":"","_et_pb_old_content":"","_et_gb_content_width":"","footnotes":""},"class_list":["post-225","page","type-page","status-publish","hentry"],"_links":{"self":[{"href":"https:\/\/liberecky.pionyr.cz\/index.php?rest_route=\/wp\/v2\/pages\/225","targetHints":{"allow":["GET"]}}],"collection":[{"href":"https:\/\/liberecky.pionyr.cz\/index.php?rest_route=\/wp\/v2\/pages"}],"about":[{"href":"https:\/\/liberecky.pionyr.cz\/index.php?rest_route=\/wp\/v2\/types\/page"}],"author":[{"embeddable":true,"href":"https:\/\/liberecky.pionyr.cz\/index.php?rest_route=\/wp\/v2\/users\/2"}],"replies":[{"embeddable":true,"href":"https:\/\/liberecky.pionyr.cz\/index.php?rest_route=%2Fwp%2Fv2%2Fcomments&post=225"}],"version-history":[{"count":0,"href":"https:\/\/liberecky.pionyr.cz\/index.php?rest_route=\/wp\/v2\/pages\/225\/revisions"}],"wp:attachment":[{"href":"https:\/\/liberecky.pionyr.cz\/index.php?rest_route=%2Fwp%2Fv2%2Fmedia&parent=225"}],"curies":[{"name":"wp","href":"https:\/\/api.w.org\/{rel}","templated":true}]}}