{"id":227,"date":"2023-04-25T18:12:43","date_gmt":"2023-04-25T16:12:43","guid":{"rendered":"https:\/\/liberecky.pionyr.cz\/?page_id=227"},"modified":"2023-04-25T19:09:38","modified_gmt":"2023-04-25T17:09:38","slug":"pionyrska-skupina-tuzinaci","status":"publish","type":"page","link":"https:\/\/liberecky.pionyr.cz\/?page_id=227","title":{"rendered":"Pion\u00fdrsk\u00e1 skupina \u2013 TU\u017d\u00cd\u0147\u00c1CI"},"content":{"rendered":"<h3>pion\u00fdrsk\u00e1 skupinA tu\u017e\u00ed\u0148\u00e1ci<\/h3>\n<p><img loading=\"lazy\" decoding=\"async\" class=\" wp-image-229 alignleft\" src=\"https:\/\/liberecky.pionyr.cz\/wp-content\/uploads\/2023\/04\/Logo-final-300x300.png\" alt=\"\" width=\"250\" height=\"250\" srcset=\"https:\/\/liberecky.pionyr.cz\/wp-content\/uploads\/2023\/04\/Logo-final-300x300.png 300w, https:\/\/liberecky.pionyr.cz\/wp-content\/uploads\/2023\/04\/Logo-final-1024x1024.png 1024w, https:\/\/liberecky.pionyr.cz\/wp-content\/uploads\/2023\/04\/Logo-final-150x150.png 150w, https:\/\/liberecky.pionyr.cz\/wp-content\/uploads\/2023\/04\/Logo-final-768x768.png 768w, https:\/\/liberecky.pionyr.cz\/wp-content\/uploads\/2023\/04\/Logo-final-1080x1080.png 1080w, https:\/\/liberecky.pionyr.cz\/wp-content\/uploads\/2023\/04\/Logo-final.png 1260w\" sizes=\"auto, (max-width: 250px) 100vw, 250px\" \/><\/p>\n<p style=\"margin: 6.0pt 0cm 6.0pt 0cm;\"><strong>Hlavn\u00ed vedouc\u00ed:<\/strong> Veronika Santorisov\u00e1<br \/>\n<strong>Hospod\u00e1\u0159:<\/strong> Jaroslava Dan\u00ed\u010dkov\u00e1<\/p>\n<p style=\"margin: 6.0pt 0cm 6.0pt 0cm;\"><strong>Adresa s\u00eddla:<\/strong> M\u00e1chova 35, 466 01 Jablonec nad Nisou<br \/>\n<strong>Doru\u010dovac\u00ed adresa:<\/strong> Olbrachtova 5, 460 15 Liberec<strong><br \/>\nI\u010c:<\/strong> 68974698<\/p>\n<p style=\"margin: 6.0pt 0cm 6.0pt 0cm;\"><strong>E-mail:<\/strong> tuzinaci@email.cz<br \/>\n<strong>Telefon:<\/strong> +420\u00a0606\u00a0161 785<br \/>\n<strong>Web:<\/strong> <a href=\"https:\/\/tuzin.cz\/\">https:\/\/tuzin.cz\/<\/a><\/p>\n<p>&nbsp;<\/p>\n<p style=\"margin: 6.0pt 0cm 6.0pt 0cm;\"><strong>Soci\u00e1ln\u00ed s\u00edt\u011b:<\/strong><\/p>\n<p style=\"margin: 6.0pt 0cm 6.0pt 0cm;\"><a href=\"https:\/\/www.facebook.com\/Tuzin.tabor\"><img loading=\"lazy\" decoding=\"async\" class=\"alignnone wp-image-223\" src=\"https:\/\/liberecky.pionyr.cz\/wp-content\/uploads\/2023\/04\/Facebook-Logo-e1682441817936-300x72.png\" alt=\"\" width=\"133\" height=\"32\" srcset=\"https:\/\/liberecky.pionyr.cz\/wp-content\/uploads\/2023\/04\/Facebook-Logo-e1682441817936-300x72.png 300w, https:\/\/liberecky.pionyr.cz\/wp-content\/uploads\/2023\/04\/Facebook-Logo-e1682441817936-1024x246.png 1024w, https:\/\/liberecky.pionyr.cz\/wp-content\/uploads\/2023\/04\/Facebook-Logo-e1682441817936-768x184.png 768w, https:\/\/liberecky.pionyr.cz\/wp-content\/uploads\/2023\/04\/Facebook-Logo-e1682441817936-1536x368.png 1536w, https:\/\/liberecky.pionyr.cz\/wp-content\/uploads\/2023\/04\/Facebook-Logo-e1682441817936-2048x491.png 2048w, https:\/\/liberecky.pionyr.cz\/wp-content\/uploads\/2023\/04\/Facebook-Logo-e1682441817936-1080x259.png 1080w\" sizes=\"auto, (max-width: 133px) 100vw, 133px\" \/><\/a><\/p>\n<p>&nbsp;<\/p>\n","protected":false},"excerpt":{"rendered":"<p>pion\u00fdrsk\u00e1 skupinA tu\u017e\u00ed\u0148\u00e1ci Hlavn\u00ed vedouc\u00ed: Veronika Santorisov\u00e1 Hospod\u00e1\u0159: Jaroslava Dan\u00ed\u010dkov\u00e1 Adresa s\u00eddla: M\u00e1chova 35, 466 01 Jablonec nad Nisou Doru\u010dovac\u00ed adresa: Olbrachtova 5, 460 15 Liberec I\u010c: 68974698 E-mail: tuzinaci@email.cz [&hellip;]<\/p>\n","protected":false},"author":2,"featured_media":0,"parent":0,"menu_order":0,"comment_status":"closed","ping_status":"closed","template":"","meta":{"_et_pb_use_builder":"","_et_pb_old_content":"","_et_gb_content_width":"","footnotes":""},"class_list":["post-227","page","type-page","status-publish","hentry"],"_links":{"self":[{"href":"https:\/\/liberecky.pionyr.cz\/index.php?rest_route=\/wp\/v2\/pages\/227","targetHints":{"allow":["GET"]}}],"collection":[{"href":"https:\/\/liberecky.pionyr.cz\/index.php?rest_route=\/wp\/v2\/pages"}],"about":[{"href":"https:\/\/liberecky.pionyr.cz\/index.php?rest_route=\/wp\/v2\/types\/page"}],"author":[{"embeddable":true,"href":"https:\/\/liberecky.pionyr.cz\/index.php?rest_route=\/wp\/v2\/users\/2"}],"replies":[{"embeddable":true,"href":"https:\/\/liberecky.pionyr.cz\/index.php?rest_route=%2Fwp%2Fv2%2Fcomments&post=227"}],"version-history":[{"count":0,"href":"https:\/\/liberecky.pionyr.cz\/index.php?rest_route=\/wp\/v2\/pages\/227\/revisions"}],"wp:attachment":[{"href":"https:\/\/liberecky.pionyr.cz\/index.php?rest_route=%2Fwp%2Fv2%2Fmedia&parent=227"}],"curies":[{"name":"wp","href":"https:\/\/api.w.org\/{rel}","templated":true}]}}