{"id":234,"date":"2023-04-25T19:28:37","date_gmt":"2023-04-25T17:28:37","guid":{"rendered":"https:\/\/liberecky.pionyr.cz\/?page_id=234"},"modified":"2023-04-25T19:28:37","modified_gmt":"2023-04-25T17:28:37","slug":"letni-tabory-tuzin-2023","status":"publish","type":"page","link":"https:\/\/liberecky.pionyr.cz\/?page_id=234","title":{"rendered":"Letn\u00ed t\u00e1bory Tu\u017e\u00edn 2023"},"content":{"rendered":"<p>Pion\u00fdrsk\u00e1 skupina Tu\u017e\u00ed\u0148\u00e1ci V\u00e1s srde\u010dn\u011b zve na p\u0159ipravovan\u00e9 letn\u00ed t\u00e1bory pro rok 2023<\/p>\n<p><img loading=\"lazy\" decoding=\"async\" class=\"alignnone wp-image-232 size-large\" src=\"https:\/\/liberecky.pionyr.cz\/wp-content\/uploads\/2023\/04\/Nabidka-taboru-Tuzin-2023-726x1024.jpg\" alt=\"\" width=\"620\" height=\"874\" srcset=\"https:\/\/liberecky.pionyr.cz\/wp-content\/uploads\/2023\/04\/Nabidka-taboru-Tuzin-2023-726x1024.jpg 726w, https:\/\/liberecky.pionyr.cz\/wp-content\/uploads\/2023\/04\/Nabidka-taboru-Tuzin-2023-213x300.jpg 213w, https:\/\/liberecky.pionyr.cz\/wp-content\/uploads\/2023\/04\/Nabidka-taboru-Tuzin-2023-768x1083.jpg 768w, https:\/\/liberecky.pionyr.cz\/wp-content\/uploads\/2023\/04\/Nabidka-taboru-Tuzin-2023-1090x1536.jpg 1090w, https:\/\/liberecky.pionyr.cz\/wp-content\/uploads\/2023\/04\/Nabidka-taboru-Tuzin-2023-1080x1522.jpg 1080w, https:\/\/liberecky.pionyr.cz\/wp-content\/uploads\/2023\/04\/Nabidka-taboru-Tuzin-2023.jpg 1240w\" sizes=\"auto, (max-width: 620px) 100vw, 620px\" \/><\/p>\n","protected":false},"excerpt":{"rendered":"<p>Pion\u00fdrsk\u00e1 skupina Tu\u017e\u00ed\u0148\u00e1ci V\u00e1s srde\u010dn\u011b zve na p\u0159ipravovan\u00e9 letn\u00ed t\u00e1bory pro rok 2023<\/p>\n","protected":false},"author":2,"featured_media":0,"parent":0,"menu_order":0,"comment_status":"closed","ping_status":"closed","template":"","meta":{"_et_pb_use_builder":"","_et_pb_old_content":"","_et_gb_content_width":"","footnotes":""},"class_list":["post-234","page","type-page","status-publish","hentry"],"_links":{"self":[{"href":"https:\/\/liberecky.pionyr.cz\/index.php?rest_route=\/wp\/v2\/pages\/234","targetHints":{"allow":["GET"]}}],"collection":[{"href":"https:\/\/liberecky.pionyr.cz\/index.php?rest_route=\/wp\/v2\/pages"}],"about":[{"href":"https:\/\/liberecky.pionyr.cz\/index.php?rest_route=\/wp\/v2\/types\/page"}],"author":[{"embeddable":true,"href":"https:\/\/liberecky.pionyr.cz\/index.php?rest_route=\/wp\/v2\/users\/2"}],"replies":[{"embeddable":true,"href":"https:\/\/liberecky.pionyr.cz\/index.php?rest_route=%2Fwp%2Fv2%2Fcomments&post=234"}],"version-history":[{"count":0,"href":"https:\/\/liberecky.pionyr.cz\/index.php?rest_route=\/wp\/v2\/pages\/234\/revisions"}],"wp:attachment":[{"href":"https:\/\/liberecky.pionyr.cz\/index.php?rest_route=%2Fwp%2Fv2%2Fmedia&parent=234"}],"curies":[{"name":"wp","href":"https:\/\/api.w.org\/{rel}","templated":true}]}}