{"id":235,"date":"2023-04-25T19:30:29","date_gmt":"2023-04-25T17:30:29","guid":{"rendered":"https:\/\/liberecky.pionyr.cz\/?page_id=235"},"modified":"2023-04-25T19:31:30","modified_gmt":"2023-04-25T17:31:30","slug":"letni-tabor-katamaran-2023","status":"publish","type":"page","link":"https:\/\/liberecky.pionyr.cz\/?page_id=235","title":{"rendered":"Letn\u00ed t\u00e1bor Katamar\u00e1n 2023"},"content":{"rendered":"<p>Pion\u00fdrsk\u00e1 skupina Katamar\u00e1n V\u00e1s srde\u010dn\u011b zve na p\u0159ipravovan\u00fd letn\u00ed t\u00e1bor pro rok 2023<\/p>\n<p><img loading=\"lazy\" decoding=\"async\" class=\"alignnone wp-image-233 size-large\" src=\"https:\/\/liberecky.pionyr.cz\/wp-content\/uploads\/2023\/04\/Katamaran_tabor_plakat_2023-721x1024.jpg\" alt=\"\" width=\"620\" height=\"881\" srcset=\"https:\/\/liberecky.pionyr.cz\/wp-content\/uploads\/2023\/04\/Katamaran_tabor_plakat_2023-721x1024.jpg 721w, https:\/\/liberecky.pionyr.cz\/wp-content\/uploads\/2023\/04\/Katamaran_tabor_plakat_2023-211x300.jpg 211w, https:\/\/liberecky.pionyr.cz\/wp-content\/uploads\/2023\/04\/Katamaran_tabor_plakat_2023-768x1090.jpg 768w, https:\/\/liberecky.pionyr.cz\/wp-content\/uploads\/2023\/04\/Katamaran_tabor_plakat_2023-1082x1536.jpg 1082w, https:\/\/liberecky.pionyr.cz\/wp-content\/uploads\/2023\/04\/Katamaran_tabor_plakat_2023-1442x2048.jpg 1442w, https:\/\/liberecky.pionyr.cz\/wp-content\/uploads\/2023\/04\/Katamaran_tabor_plakat_2023-1080x1533.jpg 1080w, https:\/\/liberecky.pionyr.cz\/wp-content\/uploads\/2023\/04\/Katamaran_tabor_plakat_2023-scaled.jpg 1803w\" sizes=\"auto, (max-width: 620px) 100vw, 620px\" \/><\/p>\n","protected":false},"excerpt":{"rendered":"<p>Pion\u00fdrsk\u00e1 skupina Katamar\u00e1n V\u00e1s srde\u010dn\u011b zve na p\u0159ipravovan\u00fd letn\u00ed t\u00e1bor pro rok 2023<\/p>\n","protected":false},"author":2,"featured_media":0,"parent":0,"menu_order":0,"comment_status":"closed","ping_status":"closed","template":"","meta":{"_et_pb_use_builder":"","_et_pb_old_content":"","_et_gb_content_width":"","footnotes":""},"class_list":["post-235","page","type-page","status-publish","hentry"],"_links":{"self":[{"href":"https:\/\/liberecky.pionyr.cz\/index.php?rest_route=\/wp\/v2\/pages\/235","targetHints":{"allow":["GET"]}}],"collection":[{"href":"https:\/\/liberecky.pionyr.cz\/index.php?rest_route=\/wp\/v2\/pages"}],"about":[{"href":"https:\/\/liberecky.pionyr.cz\/index.php?rest_route=\/wp\/v2\/types\/page"}],"author":[{"embeddable":true,"href":"https:\/\/liberecky.pionyr.cz\/index.php?rest_route=\/wp\/v2\/users\/2"}],"replies":[{"embeddable":true,"href":"https:\/\/liberecky.pionyr.cz\/index.php?rest_route=%2Fwp%2Fv2%2Fcomments&post=235"}],"version-history":[{"count":0,"href":"https:\/\/liberecky.pionyr.cz\/index.php?rest_route=\/wp\/v2\/pages\/235\/revisions"}],"wp:attachment":[{"href":"https:\/\/liberecky.pionyr.cz\/index.php?rest_route=%2Fwp%2Fv2%2Fmedia&parent=235"}],"curies":[{"name":"wp","href":"https:\/\/api.w.org\/{rel}","templated":true}]}}