{"id":250,"date":"2023-04-25T21:47:14","date_gmt":"2023-04-25T19:47:14","guid":{"rendered":"https:\/\/liberecky.pionyr.cz\/?page_id=250"},"modified":"2023-04-25T22:13:13","modified_gmt":"2023-04-25T20:13:13","slug":"archiv","status":"publish","type":"page","link":"https:\/\/liberecky.pionyr.cz\/?page_id=250","title":{"rendered":"T\u00e1bory 2023"},"content":{"rendered":"<h3 style=\"text-align: left;\"><strong>Letn\u00ed t\u00e1bory pro rok 2023<\/strong><\/h3>\n<p>&nbsp;<\/p>\n<p><a href=\"https:\/\/liberecky.pionyr.cz\/?page_id=234\"><strong><u>Letn\u00ed t\u00e1bory Tu\u017e\u00edn 2023<\/u><\/strong><\/a><\/p>\n<p style=\"text-align: left;\"><a href=\"https:\/\/liberecky.pionyr.cz\/?page_id=234\"><img loading=\"lazy\" decoding=\"async\" class=\"size-medium wp-image-232 alignleft\" src=\"https:\/\/liberecky.pionyr.cz\/wp-content\/uploads\/2023\/04\/Nabidka-taboru-Tuzin-2023-213x300.jpg\" alt=\"\" width=\"213\" height=\"300\" srcset=\"https:\/\/liberecky.pionyr.cz\/wp-content\/uploads\/2023\/04\/Nabidka-taboru-Tuzin-2023-213x300.jpg 213w, https:\/\/liberecky.pionyr.cz\/wp-content\/uploads\/2023\/04\/Nabidka-taboru-Tuzin-2023-726x1024.jpg 726w, https:\/\/liberecky.pionyr.cz\/wp-content\/uploads\/2023\/04\/Nabidka-taboru-Tuzin-2023-768x1083.jpg 768w, https:\/\/liberecky.pionyr.cz\/wp-content\/uploads\/2023\/04\/Nabidka-taboru-Tuzin-2023-1090x1536.jpg 1090w, https:\/\/liberecky.pionyr.cz\/wp-content\/uploads\/2023\/04\/Nabidka-taboru-Tuzin-2023-1080x1522.jpg 1080w, https:\/\/liberecky.pionyr.cz\/wp-content\/uploads\/2023\/04\/Nabidka-taboru-Tuzin-2023.jpg 1240w\" sizes=\"auto, (max-width: 213px) 100vw, 213px\" \/><\/a><\/p>\n<p>&nbsp;<\/p>\n<p>&nbsp;<\/p>\n<p>&nbsp;<\/p>\n<p>&nbsp;<\/p>\n<p>&nbsp;<\/p>\n<p>&nbsp;<\/p>\n<p>&nbsp;<\/p>\n<p>&nbsp;<\/p>\n<p><a href=\"https:\/\/liberecky.pionyr.cz\/?page_id=235\"><strong><u>Letn\u00ed t\u00e1bor Katamar\u00e1n 2023<\/u><\/strong><\/a><\/p>\n<p><a href=\"https:\/\/liberecky.pionyr.cz\/?page_id=235\"><img loading=\"lazy\" decoding=\"async\" class=\"alignnone size-medium wp-image-233 alignleft\" src=\"https:\/\/liberecky.pionyr.cz\/wp-content\/uploads\/2023\/04\/Katamaran_tabor_plakat_2023-211x300.jpg\" alt=\"\" width=\"211\" height=\"300\" srcset=\"https:\/\/liberecky.pionyr.cz\/wp-content\/uploads\/2023\/04\/Katamaran_tabor_plakat_2023-211x300.jpg 211w, https:\/\/liberecky.pionyr.cz\/wp-content\/uploads\/2023\/04\/Katamaran_tabor_plakat_2023-721x1024.jpg 721w, https:\/\/liberecky.pionyr.cz\/wp-content\/uploads\/2023\/04\/Katamaran_tabor_plakat_2023-768x1090.jpg 768w, https:\/\/liberecky.pionyr.cz\/wp-content\/uploads\/2023\/04\/Katamaran_tabor_plakat_2023-1082x1536.jpg 1082w, https:\/\/liberecky.pionyr.cz\/wp-content\/uploads\/2023\/04\/Katamaran_tabor_plakat_2023-1442x2048.jpg 1442w, https:\/\/liberecky.pionyr.cz\/wp-content\/uploads\/2023\/04\/Katamaran_tabor_plakat_2023-1080x1533.jpg 1080w, https:\/\/liberecky.pionyr.cz\/wp-content\/uploads\/2023\/04\/Katamaran_tabor_plakat_2023-scaled.jpg 1803w\" sizes=\"auto, (max-width: 211px) 100vw, 211px\" \/><\/a><\/p>\n","protected":false},"excerpt":{"rendered":"<p>Letn\u00ed t\u00e1bory pro rok 2023 &nbsp; Letn\u00ed t\u00e1bory Tu\u017e\u00edn 2023 &nbsp; &nbsp; &nbsp; &nbsp; &nbsp; &nbsp; &nbsp; &nbsp; Letn\u00ed t\u00e1bor Katamar\u00e1n 2023<\/p>\n","protected":false},"author":2,"featured_media":0,"parent":0,"menu_order":0,"comment_status":"closed","ping_status":"closed","template":"","meta":{"_et_pb_use_builder":"","_et_pb_old_content":"","_et_gb_content_width":"","footnotes":""},"class_list":["post-250","page","type-page","status-publish","hentry"],"_links":{"self":[{"href":"https:\/\/liberecky.pionyr.cz\/index.php?rest_route=\/wp\/v2\/pages\/250","targetHints":{"allow":["GET"]}}],"collection":[{"href":"https:\/\/liberecky.pionyr.cz\/index.php?rest_route=\/wp\/v2\/pages"}],"about":[{"href":"https:\/\/liberecky.pionyr.cz\/index.php?rest_route=\/wp\/v2\/types\/page"}],"author":[{"embeddable":true,"href":"https:\/\/liberecky.pionyr.cz\/index.php?rest_route=\/wp\/v2\/users\/2"}],"replies":[{"embeddable":true,"href":"https:\/\/liberecky.pionyr.cz\/index.php?rest_route=%2Fwp%2Fv2%2Fcomments&post=250"}],"version-history":[{"count":0,"href":"https:\/\/liberecky.pionyr.cz\/index.php?rest_route=\/wp\/v2\/pages\/250\/revisions"}],"wp:attachment":[{"href":"https:\/\/liberecky.pionyr.cz\/index.php?rest_route=%2Fwp%2Fv2%2Fmedia&parent=250"}],"curies":[{"name":"wp","href":"https:\/\/api.w.org\/{rel}","templated":true}]}}