{"id":259,"date":"2023-04-25T21:59:09","date_gmt":"2023-04-25T19:59:09","guid":{"rendered":"https:\/\/liberecky.pionyr.cz\/?page_id=259"},"modified":"2025-12-04T07:36:24","modified_gmt":"2025-12-04T06:36:24","slug":"fotky-2023","status":"publish","type":"page","link":"https:\/\/liberecky.pionyr.cz\/?page_id=259","title":{"rendered":"Fotky 2023"},"content":{"rendered":"<h2><a href=\"https:\/\/liberecky.pionyr.cz\/?page_id=271\">PS Katamar\u00e1n &#8211; Soust\u0159ed\u011bn\u00ed v p\u0159\u00edrod\u011b<\/a><\/h2>\n<h2><a href=\"https:\/\/photos.google.com\/share\/AF1QipMKYKKDorPeog70PwvR-ASrGO_PGpSMcpZBNoMBdLGQ1ZBAoPFprQ8nDzI_mORTbA?key=dW1jOF9fUDlJM29DejVfTzljMWJkdnM0NGRYRlJB\">PS OBJEVITEL\u00c9 &#8211; T\u00e1bor H\u0159men\u00edn 3. b\u011bh 2023<\/a><\/h2>\n<h2><a href=\"https:\/\/photos.google.com\/share\/AF1QipPCAU1UAWXmXZ05cxkpbZHdDp3ofC25x8LefthMPuGBle0iqM7w47hl1cOsCapTFw?key=dDBQNFNVeGdyTU1YWHZOLXRKTVBMclBUa3BIbllB\">PS Katamar\u00e1n &#8211; LETN\u00cd T\u00c1BOR 2023<\/a><\/h2>\n<h2><a href=\"https:\/\/liberecky.pionyr.cz\/?page_id=319\">PS TU\u017d\u00cdN\u00c1CI &#8211; LETN\u00cd T\u00c1BORY 2023<\/a><\/h2>\n<h2><a href=\"https:\/\/liberecky.pionyr.cz\/?page_id=324\">PS rALSKO &#8211; LETN\u00cd T\u00c1BORY 2023<\/a><\/h2>\n<h2><a href=\"https:\/\/liberecky.pionyr.cz\/?page_id=359\">PS OBJEVITEL\u00c9 &#8211; AKCE 2023<\/a><\/h2>\n<h2><a href=\"https:\/\/liberecky.pionyr.cz\/?page_id=360\">3. pion\u00fdrsk\u00e1 skupina &#8211; AKCE 2023<\/a><\/h2>\n<h2><a href=\"https:\/\/liberecky.pionyr.cz\/?page_id=382\">ps ralsko &#8211; AKCE 2023<\/a><\/h2>\n<h2><a href=\"https:\/\/liberecky.pionyr.cz\/?page_id=548\">1. pion\u00fdrsk\u00e1 skupna &#8211; letn\u00ed t\u00e1bory 2023<\/a><\/h2>\n","protected":false},"excerpt":{"rendered":"<p>PS Katamar\u00e1n &#8211; Soust\u0159ed\u011bn\u00ed v p\u0159\u00edrod\u011b PS OBJEVITEL\u00c9 &#8211; T\u00e1bor H\u0159men\u00edn 3. b\u011bh 2023 PS Katamar\u00e1n &#8211; LETN\u00cd T\u00c1BOR 2023 PS TU\u017d\u00cdN\u00c1CI &#8211; LETN\u00cd T\u00c1BORY 2023 PS rALSKO &#8211; LETN\u00cd [&hellip;]<\/p>\n","protected":false},"author":2,"featured_media":0,"parent":0,"menu_order":0,"comment_status":"closed","ping_status":"closed","template":"","meta":{"_et_pb_use_builder":"","_et_pb_old_content":"","_et_gb_content_width":"","footnotes":""},"class_list":["post-259","page","type-page","status-publish","hentry"],"_links":{"self":[{"href":"https:\/\/liberecky.pionyr.cz\/index.php?rest_route=\/wp\/v2\/pages\/259","targetHints":{"allow":["GET"]}}],"collection":[{"href":"https:\/\/liberecky.pionyr.cz\/index.php?rest_route=\/wp\/v2\/pages"}],"about":[{"href":"https:\/\/liberecky.pionyr.cz\/index.php?rest_route=\/wp\/v2\/types\/page"}],"author":[{"embeddable":true,"href":"https:\/\/liberecky.pionyr.cz\/index.php?rest_route=\/wp\/v2\/users\/2"}],"replies":[{"embeddable":true,"href":"https:\/\/liberecky.pionyr.cz\/index.php?rest_route=%2Fwp%2Fv2%2Fcomments&post=259"}],"version-history":[{"count":0,"href":"https:\/\/liberecky.pionyr.cz\/index.php?rest_route=\/wp\/v2\/pages\/259\/revisions"}],"wp:attachment":[{"href":"https:\/\/liberecky.pionyr.cz\/index.php?rest_route=%2Fwp%2Fv2%2Fmedia&parent=259"}],"curies":[{"name":"wp","href":"https:\/\/api.w.org\/{rel}","templated":true}]}}