{"id":284,"date":"2023-05-01T08:40:35","date_gmt":"2023-05-01T06:40:35","guid":{"rendered":"https:\/\/liberecky.pionyr.cz\/?page_id=284"},"modified":"2023-05-01T17:17:04","modified_gmt":"2023-05-01T15:17:04","slug":"pionyrska-skupina-objevitele","status":"publish","type":"page","link":"https:\/\/liberecky.pionyr.cz\/?page_id=284","title":{"rendered":"Pion\u00fdrsk\u00e1 skupina \u2013 OBJEVITEL\u00c9"},"content":{"rendered":"<h3>PION\u00ddRsK\u00c1 SKUPINA OBJEVITEL\u00c9<\/h3>\n<p style=\"margin: 6.0pt 0cm 6.0pt 0cm;\"><strong><img loading=\"lazy\" decoding=\"async\" class=\" wp-image-294 alignleft\" src=\"https:\/\/liberecky.pionyr.cz\/wp-content\/uploads\/2023\/05\/IMG_1774-transformed-300x300.png\" alt=\"\" width=\"250\" height=\"250\" srcset=\"https:\/\/liberecky.pionyr.cz\/wp-content\/uploads\/2023\/05\/IMG_1774-transformed-300x300.png 300w, https:\/\/liberecky.pionyr.cz\/wp-content\/uploads\/2023\/05\/IMG_1774-transformed-150x150.png 150w, https:\/\/liberecky.pionyr.cz\/wp-content\/uploads\/2023\/05\/IMG_1774-transformed.png 704w\" sizes=\"auto, (max-width: 250px) 100vw, 250px\" \/>Hlavn\u00ed vedouc\u00ed:<\/strong> Luk\u00e1\u0161 Hyp\u0161<br \/>\n<strong>Hospod\u00e1\u0159:<\/strong> Lucie Boudov\u00e1<\/p>\n<p style=\"margin: 6.0pt 0cm 6.0pt 0cm;\"><strong>Adresa s\u00eddla:<\/strong> Kate\u0159insk\u00e1 12, 460 14, Liberec<br \/>\n<strong>Doru\u010dovac\u00ed adresa:<\/strong> Kate\u0159insk\u00e1 12, 460 14, Liberec<strong><br \/>\nI\u010c:<\/strong> 69292001<\/p>\n<p style=\"margin: 6.0pt 0cm 6.0pt 0cm;\"><strong>E-mail:<\/strong> objevitele@seznam.cz<br \/>\n<strong>Telefon:<\/strong> +420 739 551 056<br \/>\n<strong>Web:<\/strong> <a href=\"http:\/\/www.psobjevitele.pionyr.cz\/\">http:\/\/www.psobjevitele.pionyr.cz\/<\/a><\/p>\n<p>&nbsp;<\/p>\n<p><strong>Soci\u00e1ln\u00ed s\u00edt\u011b:<\/strong><\/p>\n<p><a href=\"https:\/\/www.facebook.com\/OddilObjevitele\/\"><img loading=\"lazy\" decoding=\"async\" class=\"wp-image-223 alignleft\" src=\"https:\/\/liberecky.pionyr.cz\/wp-content\/uploads\/2023\/04\/Facebook-Logo-300x169.png\" alt=\"\" width=\"121\" height=\"68\" \/><\/a><a href=\"https:\/\/www.youtube.com\/channel\/UCBiPK-sO_cW_0jecoxUPpaQ\"><img loading=\"lazy\" decoding=\"async\" class=\"wp-image-224 alignleft\" src=\"https:\/\/liberecky.pionyr.cz\/wp-content\/uploads\/2023\/04\/YouTube-Logo.wine_-300x200.png\" alt=\"\" width=\"117\" height=\"78\" srcset=\"https:\/\/liberecky.pionyr.cz\/wp-content\/uploads\/2023\/04\/YouTube-Logo.wine_-300x200.png 300w, https:\/\/liberecky.pionyr.cz\/wp-content\/uploads\/2023\/04\/YouTube-Logo.wine_-1024x683.png 1024w, https:\/\/liberecky.pionyr.cz\/wp-content\/uploads\/2023\/04\/YouTube-Logo.wine_-768x512.png 768w, https:\/\/liberecky.pionyr.cz\/wp-content\/uploads\/2023\/04\/YouTube-Logo.wine_-1536x1024.png 1536w, https:\/\/liberecky.pionyr.cz\/wp-content\/uploads\/2023\/04\/YouTube-Logo.wine_-2048x1365.png 2048w, https:\/\/liberecky.pionyr.cz\/wp-content\/uploads\/2023\/04\/YouTube-Logo.wine_-1080x720.png 1080w\" sizes=\"auto, (max-width: 117px) 100vw, 117px\" \/><\/a><\/p>\n<p>&nbsp;<\/p>\n","protected":false},"excerpt":{"rendered":"<p>PION\u00ddRsK\u00c1 SKUPINA OBJEVITEL\u00c9 Hlavn\u00ed vedouc\u00ed: Luk\u00e1\u0161 Hyp\u0161 Hospod\u00e1\u0159: Lucie Boudov\u00e1 Adresa s\u00eddla: Kate\u0159insk\u00e1 12, 460 14, Liberec Doru\u010dovac\u00ed adresa: Kate\u0159insk\u00e1 12, 460 14, Liberec I\u010c: 69292001 E-mail: objevitele@seznam.cz Telefon: +420 [&hellip;]<\/p>\n","protected":false},"author":2,"featured_media":0,"parent":0,"menu_order":0,"comment_status":"closed","ping_status":"closed","template":"","meta":{"_et_pb_use_builder":"","_et_pb_old_content":"","_et_gb_content_width":"","footnotes":""},"class_list":["post-284","page","type-page","status-publish","hentry"],"_links":{"self":[{"href":"https:\/\/liberecky.pionyr.cz\/index.php?rest_route=\/wp\/v2\/pages\/284","targetHints":{"allow":["GET"]}}],"collection":[{"href":"https:\/\/liberecky.pionyr.cz\/index.php?rest_route=\/wp\/v2\/pages"}],"about":[{"href":"https:\/\/liberecky.pionyr.cz\/index.php?rest_route=\/wp\/v2\/types\/page"}],"author":[{"embeddable":true,"href":"https:\/\/liberecky.pionyr.cz\/index.php?rest_route=\/wp\/v2\/users\/2"}],"replies":[{"embeddable":true,"href":"https:\/\/liberecky.pionyr.cz\/index.php?rest_route=%2Fwp%2Fv2%2Fcomments&post=284"}],"version-history":[{"count":0,"href":"https:\/\/liberecky.pionyr.cz\/index.php?rest_route=\/wp\/v2\/pages\/284\/revisions"}],"wp:attachment":[{"href":"https:\/\/liberecky.pionyr.cz\/index.php?rest_route=%2Fwp%2Fv2%2Fmedia&parent=284"}],"curies":[{"name":"wp","href":"https:\/\/api.w.org\/{rel}","templated":true}]}}