{"id":287,"date":"2023-05-01T08:40:57","date_gmt":"2023-05-01T06:40:57","guid":{"rendered":"https:\/\/liberecky.pionyr.cz\/?page_id=287"},"modified":"2023-05-01T09:32:52","modified_gmt":"2023-05-01T07:32:52","slug":"3-pionyrska-skupina","status":"publish","type":"page","link":"https:\/\/liberecky.pionyr.cz\/?page_id=287","title":{"rendered":"3. Pion\u00fdrsk\u00e1 skupina"},"content":{"rendered":"<h3>3. PION\u00ddRsK\u00c1 SKUPINA<\/h3>\n<p><img loading=\"lazy\" decoding=\"async\" class=\"wp-image-114 alignleft\" src=\"https:\/\/liberecky.pionyr.cz\/wp-content\/uploads\/2023\/04\/pionyr1_vert_rgb-295x300.png\" alt=\"\" width=\"250\" height=\"254\" srcset=\"https:\/\/liberecky.pionyr.cz\/wp-content\/uploads\/2023\/04\/pionyr1_vert_rgb-295x300.png 295w, https:\/\/liberecky.pionyr.cz\/wp-content\/uploads\/2023\/04\/pionyr1_vert_rgb-768x780.png 768w, https:\/\/liberecky.pionyr.cz\/wp-content\/uploads\/2023\/04\/pionyr1_vert_rgb.png 1000w\" sizes=\"auto, (max-width: 250px) 100vw, 250px\" \/><\/p>\n<p style=\"margin: 6.0pt 0cm 6.0pt 0cm;\"><strong>Hlavn\u00ed vedouc\u00ed:<\/strong> Martina Eiseltov\u00e1<br \/>\n<strong>Hospod\u00e1\u0159:<\/strong> Eli\u0161ka Jislov\u00e1<\/p>\n<p style=\"margin: 6.0pt 0cm 6.0pt 0cm;\"><strong>Adresa s\u00eddla:<\/strong> Mozartova 4, 466 04 Jablonec nad Nisou<br \/>\n<strong>Doru\u010dovac\u00ed adresa:<\/strong> Mozartova 4, 466 04 Jablonec nad Nisou<strong><br \/>\nI\u010c:<\/strong> 68974701<\/p>\n<p style=\"margin: 6.0pt 0cm 6.0pt 0cm;\"><strong>E-mail:<\/strong> ivana.vlckova.jbc@seznam.cz<br \/>\n<strong>Telefon:<\/strong> +420 723 509 635<\/p>\n<p>&nbsp;<\/p>\n<p>&nbsp;<\/p>\n","protected":false},"excerpt":{"rendered":"<p>3. PION\u00ddRsK\u00c1 SKUPINA Hlavn\u00ed vedouc\u00ed: Martina Eiseltov\u00e1 Hospod\u00e1\u0159: Eli\u0161ka Jislov\u00e1 Adresa s\u00eddla: Mozartova 4, 466 04 Jablonec nad Nisou Doru\u010dovac\u00ed adresa: Mozartova 4, 466 04 Jablonec nad Nisou I\u010c: 68974701 [&hellip;]<\/p>\n","protected":false},"author":2,"featured_media":0,"parent":0,"menu_order":0,"comment_status":"closed","ping_status":"closed","template":"","meta":{"_et_pb_use_builder":"","_et_pb_old_content":"","_et_gb_content_width":"","footnotes":""},"class_list":["post-287","page","type-page","status-publish","hentry"],"_links":{"self":[{"href":"https:\/\/liberecky.pionyr.cz\/index.php?rest_route=\/wp\/v2\/pages\/287","targetHints":{"allow":["GET"]}}],"collection":[{"href":"https:\/\/liberecky.pionyr.cz\/index.php?rest_route=\/wp\/v2\/pages"}],"about":[{"href":"https:\/\/liberecky.pionyr.cz\/index.php?rest_route=\/wp\/v2\/types\/page"}],"author":[{"embeddable":true,"href":"https:\/\/liberecky.pionyr.cz\/index.php?rest_route=\/wp\/v2\/users\/2"}],"replies":[{"embeddable":true,"href":"https:\/\/liberecky.pionyr.cz\/index.php?rest_route=%2Fwp%2Fv2%2Fcomments&post=287"}],"version-history":[{"count":0,"href":"https:\/\/liberecky.pionyr.cz\/index.php?rest_route=\/wp\/v2\/pages\/287\/revisions"}],"wp:attachment":[{"href":"https:\/\/liberecky.pionyr.cz\/index.php?rest_route=%2Fwp%2Fv2%2Fmedia&parent=287"}],"curies":[{"name":"wp","href":"https:\/\/api.w.org\/{rel}","templated":true}]}}