{"id":288,"date":"2023-05-01T08:41:09","date_gmt":"2023-05-01T06:41:09","guid":{"rendered":"https:\/\/liberecky.pionyr.cz\/?page_id=288"},"modified":"2024-02-10T15:08:44","modified_gmt":"2024-02-10T14:08:44","slug":"1-pionyrska-skupina","status":"publish","type":"page","link":"https:\/\/liberecky.pionyr.cz\/?page_id=288","title":{"rendered":"1. Pion\u00fdrsk\u00e1 skupina"},"content":{"rendered":"<h3>1. PION\u00ddRsK\u00c1 SKUPINA<\/h3>\n<p><img loading=\"lazy\" decoding=\"async\" class=\"wp-image-114 alignleft\" src=\"https:\/\/liberecky.pionyr.cz\/wp-content\/uploads\/2023\/04\/pionyr1_vert_rgb-295x300.png\" alt=\"\" width=\"250\" height=\"254\" srcset=\"https:\/\/liberecky.pionyr.cz\/wp-content\/uploads\/2023\/04\/pionyr1_vert_rgb-295x300.png 295w, https:\/\/liberecky.pionyr.cz\/wp-content\/uploads\/2023\/04\/pionyr1_vert_rgb-768x780.png 768w, https:\/\/liberecky.pionyr.cz\/wp-content\/uploads\/2023\/04\/pionyr1_vert_rgb.png 1000w\" sizes=\"auto, (max-width: 250px) 100vw, 250px\" \/><\/p>\n<p style=\"margin: 6.0pt 0cm 6.0pt 0cm;\"><strong>Hlavn\u00ed vedouc\u00ed:<\/strong> Michal Falta<br \/>\n<strong>Hospod\u00e1\u0159:<\/strong> Lenka \u017duchov\u00e1<\/p>\n<p style=\"margin: 6.0pt 0cm 6.0pt 0cm;\"><strong>Adresa s\u00eddla:<\/strong> Chrastavsk\u00e1 278\/19, 460 01 Liberec<br \/>\n<strong>Doru\u010dovac\u00ed adresa:<\/strong> Chrastavsk\u00e1 278\/19, 460 01 Liberec<strong><br \/>\nI\u010c:<\/strong> 68974680<\/p>\n<p style=\"margin: 6.0pt 0cm 6.0pt 0cm;\"><strong>E-mail:<\/strong> michal.falta@gmail.com<br \/>\n<strong>Telefon:<\/strong> +420 777 064 349<\/p>\n<p style=\"margin: 6.0pt 0cm 6.0pt 0cm;\"><strong>Web:<\/strong>\u00a0<a href=\"https:\/\/www.dracatajablonec.cz\/\">https:\/\/www.dracatajablonec.cz\/<\/a><\/p>\n<p>&nbsp;<\/p>\n","protected":false},"excerpt":{"rendered":"<p>1. PION\u00ddRsK\u00c1 SKUPINA Hlavn\u00ed vedouc\u00ed: Michal Falta Hospod\u00e1\u0159: Lenka \u017duchov\u00e1 Adresa s\u00eddla: Chrastavsk\u00e1 278\/19, 460 01 Liberec Doru\u010dovac\u00ed adresa: Chrastavsk\u00e1 278\/19, 460 01 Liberec I\u010c: 68974680 E-mail: michal.falta@gmail.com Telefon: +420 [&hellip;]<\/p>\n","protected":false},"author":2,"featured_media":0,"parent":0,"menu_order":0,"comment_status":"closed","ping_status":"closed","template":"","meta":{"_et_pb_use_builder":"","_et_pb_old_content":"","_et_gb_content_width":"","footnotes":""},"class_list":["post-288","page","type-page","status-publish","hentry"],"_links":{"self":[{"href":"https:\/\/liberecky.pionyr.cz\/index.php?rest_route=\/wp\/v2\/pages\/288","targetHints":{"allow":["GET"]}}],"collection":[{"href":"https:\/\/liberecky.pionyr.cz\/index.php?rest_route=\/wp\/v2\/pages"}],"about":[{"href":"https:\/\/liberecky.pionyr.cz\/index.php?rest_route=\/wp\/v2\/types\/page"}],"author":[{"embeddable":true,"href":"https:\/\/liberecky.pionyr.cz\/index.php?rest_route=\/wp\/v2\/users\/2"}],"replies":[{"embeddable":true,"href":"https:\/\/liberecky.pionyr.cz\/index.php?rest_route=%2Fwp%2Fv2%2Fcomments&post=288"}],"version-history":[{"count":0,"href":"https:\/\/liberecky.pionyr.cz\/index.php?rest_route=\/wp\/v2\/pages\/288\/revisions"}],"wp:attachment":[{"href":"https:\/\/liberecky.pionyr.cz\/index.php?rest_route=%2Fwp%2Fv2%2Fmedia&parent=288"}],"curies":[{"name":"wp","href":"https:\/\/api.w.org\/{rel}","templated":true}]}}