{"id":289,"date":"2023-05-01T08:41:32","date_gmt":"2023-05-01T06:41:32","guid":{"rendered":"https:\/\/liberecky.pionyr.cz\/?page_id=289"},"modified":"2023-05-01T09:26:37","modified_gmt":"2023-05-01T07:26:37","slug":"ponyrska-skupina-vyri","status":"publish","type":"page","link":"https:\/\/liberecky.pionyr.cz\/?page_id=289","title":{"rendered":"Pionyrsk\u00e1 skupina &#8211; V\u00dd\u0158I"},"content":{"rendered":"<h3>PION\u00ddRsK\u00c1 SKUPINA V\u00dd\u0158I<\/h3>\n<p><img loading=\"lazy\" decoding=\"async\" class=\"wp-image-114 alignleft\" src=\"https:\/\/liberecky.pionyr.cz\/wp-content\/uploads\/2023\/04\/pionyr1_vert_rgb-295x300.png\" alt=\"\" width=\"250\" height=\"254\" srcset=\"https:\/\/liberecky.pionyr.cz\/wp-content\/uploads\/2023\/04\/pionyr1_vert_rgb-295x300.png 295w, https:\/\/liberecky.pionyr.cz\/wp-content\/uploads\/2023\/04\/pionyr1_vert_rgb-768x780.png 768w, https:\/\/liberecky.pionyr.cz\/wp-content\/uploads\/2023\/04\/pionyr1_vert_rgb.png 1000w\" sizes=\"auto, (max-width: 250px) 100vw, 250px\" \/><\/p>\n<p style=\"margin: 6.0pt 0cm 6.0pt 0cm;\"><strong>Hlavn\u00ed vedouc\u00ed:<\/strong> Tom\u00e1\u0161 Rychta\u0159\u00edk<br \/>\n<strong>Hospod\u00e1\u0159:<\/strong> Petr Musil<\/p>\n<p style=\"margin: 6.0pt 0cm 6.0pt 0cm;\"><strong>Adresa s\u00eddla:<\/strong> N\u00e1m\u011bst\u00ed 5. kv\u011btna 35, 471 27 Str\u00e1\u017e pod Ralskem<br \/>\n<strong>Doru\u010dovac\u00ed adresa:<\/strong> N\u00e1m\u011bst\u00ed 5. kv\u011btna 35, 471 27 Str\u00e1\u017e pod Ralskem<strong><br \/>\nI\u010c:<\/strong> 68983590<\/p>\n<p style=\"margin: 6.0pt 0cm 6.0pt 0cm;\"><strong>E-mail:<\/strong> pionyrivyri@seznam.cz<br \/>\n<strong>Telefon:<\/strong> +420 728 184 282<br \/>\n<strong>Web:<\/strong> <a href=\"http:\/\/www.vyri.cz\">www.vyri.cz<\/a><\/p>\n<p>&nbsp;<\/p>\n<p style=\"margin: 6.0pt 0cm 6.0pt 0cm;\"><strong>Soci\u00e1ln\u00ed s\u00edt\u011b:<\/strong><\/p>\n<p style=\"margin: 6.0pt 0cm 6.0pt 0cm;\"><a href=\"https:\/\/www.facebook.com\/profile.php?id=100064667832643\"><img loading=\"lazy\" decoding=\"async\" class=\"alignnone wp-image-223\" src=\"https:\/\/liberecky.pionyr.cz\/wp-content\/uploads\/2023\/04\/Facebook-Logo-e1682441817936-300x72.png\" alt=\"\" width=\"133\" height=\"32\" srcset=\"https:\/\/liberecky.pionyr.cz\/wp-content\/uploads\/2023\/04\/Facebook-Logo-e1682441817936-300x72.png 300w, https:\/\/liberecky.pionyr.cz\/wp-content\/uploads\/2023\/04\/Facebook-Logo-e1682441817936-1024x246.png 1024w, https:\/\/liberecky.pionyr.cz\/wp-content\/uploads\/2023\/04\/Facebook-Logo-e1682441817936-768x184.png 768w, https:\/\/liberecky.pionyr.cz\/wp-content\/uploads\/2023\/04\/Facebook-Logo-e1682441817936-1536x368.png 1536w, https:\/\/liberecky.pionyr.cz\/wp-content\/uploads\/2023\/04\/Facebook-Logo-e1682441817936-2048x491.png 2048w, https:\/\/liberecky.pionyr.cz\/wp-content\/uploads\/2023\/04\/Facebook-Logo-e1682441817936-1080x259.png 1080w\" sizes=\"auto, (max-width: 133px) 100vw, 133px\" \/><\/a><\/p>\n<p>&nbsp;<\/p>\n","protected":false},"excerpt":{"rendered":"<p>PION\u00ddRsK\u00c1 SKUPINA V\u00dd\u0158I Hlavn\u00ed vedouc\u00ed: Tom\u00e1\u0161 Rychta\u0159\u00edk Hospod\u00e1\u0159: Petr Musil Adresa s\u00eddla: N\u00e1m\u011bst\u00ed 5. kv\u011btna 35, 471 27 Str\u00e1\u017e pod Ralskem Doru\u010dovac\u00ed adresa: N\u00e1m\u011bst\u00ed 5. kv\u011btna 35, 471 27 Str\u00e1\u017e [&hellip;]<\/p>\n","protected":false},"author":2,"featured_media":0,"parent":0,"menu_order":0,"comment_status":"closed","ping_status":"closed","template":"","meta":{"_et_pb_use_builder":"","_et_pb_old_content":"","_et_gb_content_width":"","footnotes":""},"class_list":["post-289","page","type-page","status-publish","hentry"],"_links":{"self":[{"href":"https:\/\/liberecky.pionyr.cz\/index.php?rest_route=\/wp\/v2\/pages\/289","targetHints":{"allow":["GET"]}}],"collection":[{"href":"https:\/\/liberecky.pionyr.cz\/index.php?rest_route=\/wp\/v2\/pages"}],"about":[{"href":"https:\/\/liberecky.pionyr.cz\/index.php?rest_route=\/wp\/v2\/types\/page"}],"author":[{"embeddable":true,"href":"https:\/\/liberecky.pionyr.cz\/index.php?rest_route=\/wp\/v2\/users\/2"}],"replies":[{"embeddable":true,"href":"https:\/\/liberecky.pionyr.cz\/index.php?rest_route=%2Fwp%2Fv2%2Fcomments&post=289"}],"version-history":[{"count":0,"href":"https:\/\/liberecky.pionyr.cz\/index.php?rest_route=\/wp\/v2\/pages\/289\/revisions"}],"wp:attachment":[{"href":"https:\/\/liberecky.pionyr.cz\/index.php?rest_route=%2Fwp%2Fv2%2Fmedia&parent=289"}],"curies":[{"name":"wp","href":"https:\/\/api.w.org\/{rel}","templated":true}]}}