{"id":319,"date":"2023-11-26T09:45:21","date_gmt":"2023-11-26T08:45:21","guid":{"rendered":"https:\/\/liberecky.pionyr.cz\/?page_id=319"},"modified":"2023-11-26T09:45:34","modified_gmt":"2023-11-26T08:45:34","slug":"ps-tuzinaci-letni-tabory-2023","status":"publish","type":"page","link":"https:\/\/liberecky.pionyr.cz\/?page_id=319","title":{"rendered":"PS TU\u017d\u00cdN\u00c1CI &#8211; LETN\u00cd T\u00c1BORY 2023"},"content":{"rendered":"<p><a href=\"https:\/\/www.rajce.idnes.cz\/tuzinaci\/album\/tuzin-i-2023\">https:\/\/www.rajce.idnes.cz\/tuzinaci\/album\/tuzin-i-2023<\/a><\/p>\n<p><a href=\"https:\/\/www.rajce.idnes.cz\/tuzinaci\/album\/tuzin-i-2023-ii-cast\">https:\/\/www.rajce.idnes.cz\/tuzinaci\/album\/tuzin-i-2023-ii-cast<\/a><\/p>\n<p><a href=\"https:\/\/www.rajce.idnes.cz\/tuzinaci\/album\/tuzin-ii-16-7-22-7-2023\">https:\/\/www.rajce.idnes.cz\/tuzinaci\/album\/tuzin-ii-16-7-22-7-2023<\/a><\/p>\n<p><a href=\"https:\/\/www.rajce.idnes.cz\/jitkajenik\/album\/2023-07-tuzin\">https:\/\/www.rajce.idnes.cz\/jitkajenik\/album\/2023-07-tuzin<\/a><\/p>\n<p><a href=\"https:\/\/www.rajce.idnes.cz\/trojkatuzin\/album\/tuzin-iii-2023-zpatky-na-stromy-pribeh-tobiase-lolnesse-1\">https:\/\/www.rajce.idnes.cz\/trojkatuzin\/album\/tuzin-iii-2023-zpatky-na-stromy-pribeh-tobiase-lolnesse-1<\/a><\/p>\n<p><a href=\"https:\/\/www.rajce.idnes.cz\/trojkatuzin\/album\/tuzin-iii-2023-zpatky-na-stromy-pribeh-tobiase-lolnesse-2\">https:\/\/www.rajce.idnes.cz\/trojkatuzin\/album\/tuzin-iii-2023-zpatky-na-stromy-pribeh-tobiase-lolnesse-2<\/a><\/p>\n","protected":false},"excerpt":{"rendered":"<p>https:\/\/www.rajce.idnes.cz\/tuzinaci\/album\/tuzin-i-2023 https:\/\/www.rajce.idnes.cz\/tuzinaci\/album\/tuzin-i-2023-ii-cast https:\/\/www.rajce.idnes.cz\/tuzinaci\/album\/tuzin-ii-16-7-22-7-2023 https:\/\/www.rajce.idnes.cz\/jitkajenik\/album\/2023-07-tuzin https:\/\/www.rajce.idnes.cz\/trojkatuzin\/album\/tuzin-iii-2023-zpatky-na-stromy-pribeh-tobiase-lolnesse-1 https:\/\/www.rajce.idnes.cz\/trojkatuzin\/album\/tuzin-iii-2023-zpatky-na-stromy-pribeh-tobiase-lolnesse-2<\/p>\n","protected":false},"author":2,"featured_media":0,"parent":0,"menu_order":0,"comment_status":"closed","ping_status":"closed","template":"","meta":{"_et_pb_use_builder":"","_et_pb_old_content":"","_et_gb_content_width":"","footnotes":""},"class_list":["post-319","page","type-page","status-publish","hentry"],"_links":{"self":[{"href":"https:\/\/liberecky.pionyr.cz\/index.php?rest_route=\/wp\/v2\/pages\/319","targetHints":{"allow":["GET"]}}],"collection":[{"href":"https:\/\/liberecky.pionyr.cz\/index.php?rest_route=\/wp\/v2\/pages"}],"about":[{"href":"https:\/\/liberecky.pionyr.cz\/index.php?rest_route=\/wp\/v2\/types\/page"}],"author":[{"embeddable":true,"href":"https:\/\/liberecky.pionyr.cz\/index.php?rest_route=\/wp\/v2\/users\/2"}],"replies":[{"embeddable":true,"href":"https:\/\/liberecky.pionyr.cz\/index.php?rest_route=%2Fwp%2Fv2%2Fcomments&post=319"}],"version-history":[{"count":0,"href":"https:\/\/liberecky.pionyr.cz\/index.php?rest_route=\/wp\/v2\/pages\/319\/revisions"}],"wp:attachment":[{"href":"https:\/\/liberecky.pionyr.cz\/index.php?rest_route=%2Fwp%2Fv2%2Fmedia&parent=319"}],"curies":[{"name":"wp","href":"https:\/\/api.w.org\/{rel}","templated":true}]}}