{"id":333,"date":"2023-11-26T10:35:14","date_gmt":"2023-11-26T09:35:14","guid":{"rendered":"https:\/\/liberecky.pionyr.cz\/?page_id=333"},"modified":"2025-12-04T08:03:11","modified_gmt":"2025-12-04T07:03:11","slug":"tabory-2024","status":"publish","type":"page","link":"https:\/\/liberecky.pionyr.cz\/?page_id=333","title":{"rendered":"T\u00e1bory 2024"},"content":{"rendered":"<h2 style=\"text-align: left;\"><strong>Letn\u00ed t\u00e1bory pro rok 2024<\/strong><\/h2>\n<h2><a href=\"https:\/\/liberecky.pionyr.cz\/?tribe_events=letni-tabor-katamaran-2024\"><strong><u>Letn\u00ed t\u00e1bor Pion\u00fdrsk\u00e9 skupiny Katamar\u00e1n<\/u><\/strong><\/a><\/h2>\n<h2><a href=\"https:\/\/liberecky.pionyr.cz\/?tribe_events=1-pionyrska-skupina-letni-tabor-turnus-i\"><strong><u>Letn\u00ed t\u00e1bor 1. Pion\u00fdrsk\u00e9 skupiny &#8211; TURNUS I.<\/u><\/strong><\/a><br \/>\n<a href=\"https:\/\/liberecky.pionyr.cz\/?tribe_events=1-pionyrska-skupina-letni-tabor-turnus-ii\"><strong><u>Letn\u00ed t\u00e1bor 1. Pion\u00fdrsk\u00e9 skupiny &#8211; TURNUS II.<\/u><\/strong><\/a><\/h2>\n<h2><a href=\"https:\/\/liberecky.pionyr.cz\/?tribe_events=letni-tabor-3-pionyrske-skupiny-turnus-i\"><strong><u>Letn\u00ed t\u00e1bor 3. Pion\u00fdrsk\u00e9 skupiny &#8211; TURNUS I.<\/u><\/strong><\/a><br \/>\n<a href=\"https:\/\/liberecky.pionyr.cz\/?tribe_events=letni-tabor-3-pionyrske-skupiny-turnus-ii\"><strong><u>Letn\u00ed t\u00e1bor 3. Pion\u00fdrsk\u00e9 skupiny &#8211; TURNUS II.<\/u><\/strong><\/a><br \/>\n<a href=\"https:\/\/liberecky.pionyr.cz\/?tribe_events=letni-tabor-3-pionyrske-skupiny-turnus-iii\"><strong><u>Letn\u00ed t\u00e1bor 3. Pion\u00fdrsk\u00e9 skupiny &#8211; TURNUS III.<\/u><\/strong><\/a><br \/>\n<a href=\"https:\/\/liberecky.pionyr.cz\/?tribe_events=letni-tabor-3-pionyrske-skupiny-turnus-iv\"><strong><u>Letn\u00ed t\u00e1bor 3. Pion\u00fdrsk\u00e9 skupiny &#8211; TURNUS IV.<\/u><\/strong><\/a><\/h2>\n<h2><a href=\"https:\/\/liberecky.pionyr.cz\/?tribe_events=ps-tuzinaci-letni-tabor-turnus-i\"><strong><u>Letn\u00ed t\u00e1bor Pion\u00fdrsk\u00e9 skupiny Tu\u017e\u00ed\u0148\u00e1ci &#8211; TURNUS I.<\/u><\/strong><\/a><br \/>\n<a href=\"https:\/\/liberecky.pionyr.cz\/?tribe_events=ps-tuzinaci-letni-tabor-turnus-ii\"><strong><u>Letn\u00ed t\u00e1bor Pion\u00fdrsk\u00e9 skupiny Tu\u017e\u00ed\u0148\u00e1ci &#8211; TURNUS II.<\/u><\/strong><\/a><br \/>\n<a href=\"https:\/\/liberecky.pionyr.cz\/?tribe_events=ps-tuzinaci-letni-tabor-turnus-ii\"><strong><u>Letn\u00ed t\u00e1bor Pion\u00fdrsk\u00e9 skupiny Tu\u017e\u00ed\u0148\u00e1ci &#8211; TURNUS III.<\/u><\/strong><\/a><\/h2>\n","protected":false},"excerpt":{"rendered":"<p>Letn\u00ed t\u00e1bory pro rok 2024 Letn\u00ed t\u00e1bor Pion\u00fdrsk\u00e9 skupiny Katamar\u00e1n Letn\u00ed t\u00e1bor 1. Pion\u00fdrsk\u00e9 skupiny &#8211; TURNUS I. Letn\u00ed t\u00e1bor 1. Pion\u00fdrsk\u00e9 skupiny &#8211; TURNUS II. Letn\u00ed t\u00e1bor 3. Pion\u00fdrsk\u00e9 [&hellip;]<\/p>\n","protected":false},"author":2,"featured_media":0,"parent":0,"menu_order":0,"comment_status":"closed","ping_status":"closed","template":"","meta":{"_et_pb_use_builder":"","_et_pb_old_content":"","_et_gb_content_width":"","footnotes":""},"class_list":["post-333","page","type-page","status-publish","hentry"],"_links":{"self":[{"href":"https:\/\/liberecky.pionyr.cz\/index.php?rest_route=\/wp\/v2\/pages\/333","targetHints":{"allow":["GET"]}}],"collection":[{"href":"https:\/\/liberecky.pionyr.cz\/index.php?rest_route=\/wp\/v2\/pages"}],"about":[{"href":"https:\/\/liberecky.pionyr.cz\/index.php?rest_route=\/wp\/v2\/types\/page"}],"author":[{"embeddable":true,"href":"https:\/\/liberecky.pionyr.cz\/index.php?rest_route=\/wp\/v2\/users\/2"}],"replies":[{"embeddable":true,"href":"https:\/\/liberecky.pionyr.cz\/index.php?rest_route=%2Fwp%2Fv2%2Fcomments&post=333"}],"version-history":[{"count":0,"href":"https:\/\/liberecky.pionyr.cz\/index.php?rest_route=\/wp\/v2\/pages\/333\/revisions"}],"wp:attachment":[{"href":"https:\/\/liberecky.pionyr.cz\/index.php?rest_route=%2Fwp%2Fv2%2Fmedia&parent=333"}],"curies":[{"name":"wp","href":"https:\/\/api.w.org\/{rel}","templated":true}]}}