{"id":382,"date":"2023-11-26T11:15:09","date_gmt":"2023-11-26T10:15:09","guid":{"rendered":"https:\/\/liberecky.pionyr.cz\/?page_id=382"},"modified":"2023-11-26T11:15:09","modified_gmt":"2023-11-26T10:15:09","slug":"pionyrska-skupina-ralsko-akce-2023","status":"publish","type":"page","link":"https:\/\/liberecky.pionyr.cz\/?page_id=382","title":{"rendered":"PION\u00ddRSK\u00c1 SKUPINA RALSKO \u2013 AKCE 2023"},"content":{"rendered":"<p><a href=\"https:\/\/www.facebook.com\/permalink.php?story_fbid=102401579440426&amp;id=100090117516590\">3. 2. 2023 &#8211; Muzeum a Hops\u00e1rium v D\u011b\u010d\u00edn\u011b<\/a><\/p>\n<p><a href=\"https:\/\/www.facebook.com\/permalink.php?story_fbid=155928717421045&amp;id=100090117516590\">25. 3. 2023 &#8211; Sportovn\u00ed den v Mimoni<\/a><\/p>\n<p><a href=\"https:\/\/www.facebook.com\/permalink.php?story_fbid=155955627418354&amp;id=100090117516590\">6. 4. 2023 &#8211; Tvo\u0159iv\u00e9 velikono\u010dn\u00ed d\u00edlni\u010dky v Mimoni<\/a><\/p>\n<p><a href=\"https:\/\/www.facebook.com\/permalink.php?story_fbid=188549774158939&amp;id=100090117516590\">20. 5. 2023 &#8211; V\u00fd\u0161lap na Juliinu vyhl\u00eddku ve Vranov\u011b<\/a><\/p>\n<p><a href=\"https:\/\/www.facebook.com\/martin.ponocny\/posts\/6628983380456460\">16. 7.-29. 7. 2023 &#8211; T\u00e1bor &#8211; 1. turnus He\u0159manice<\/a><\/p>\n<p><a href=\"https:\/\/www.facebook.com\/permalink.php?story_fbid=239398985740684&amp;id=100090117516590&amp;notif_id=1699851891670935&amp;notif_t=feedback_reaction_generic&amp;ref=notif\">30. 7.-12. 8. 2023 &#8211; T\u00e1bor &#8211; 2. turnus Ma\u0159enic<\/a><\/p>\n","protected":false},"excerpt":{"rendered":"<p>3. 2. 2023 &#8211; Muzeum a Hops\u00e1rium v D\u011b\u010d\u00edn\u011b 25. 3. 2023 &#8211; Sportovn\u00ed den v Mimoni 6. 4. 2023 &#8211; Tvo\u0159iv\u00e9 velikono\u010dn\u00ed d\u00edlni\u010dky v Mimoni 20. 5. 2023 &#8211; [&hellip;]<\/p>\n","protected":false},"author":2,"featured_media":0,"parent":0,"menu_order":0,"comment_status":"closed","ping_status":"closed","template":"","meta":{"_et_pb_use_builder":"","_et_pb_old_content":"","_et_gb_content_width":"","footnotes":""},"class_list":["post-382","page","type-page","status-publish","hentry"],"_links":{"self":[{"href":"https:\/\/liberecky.pionyr.cz\/index.php?rest_route=\/wp\/v2\/pages\/382","targetHints":{"allow":["GET"]}}],"collection":[{"href":"https:\/\/liberecky.pionyr.cz\/index.php?rest_route=\/wp\/v2\/pages"}],"about":[{"href":"https:\/\/liberecky.pionyr.cz\/index.php?rest_route=\/wp\/v2\/types\/page"}],"author":[{"embeddable":true,"href":"https:\/\/liberecky.pionyr.cz\/index.php?rest_route=\/wp\/v2\/users\/2"}],"replies":[{"embeddable":true,"href":"https:\/\/liberecky.pionyr.cz\/index.php?rest_route=%2Fwp%2Fv2%2Fcomments&post=382"}],"version-history":[{"count":0,"href":"https:\/\/liberecky.pionyr.cz\/index.php?rest_route=\/wp\/v2\/pages\/382\/revisions"}],"wp:attachment":[{"href":"https:\/\/liberecky.pionyr.cz\/index.php?rest_route=%2Fwp%2Fv2%2Fmedia&parent=382"}],"curies":[{"name":"wp","href":"https:\/\/api.w.org\/{rel}","templated":true}]}}