{"id":448,"date":"2024-02-10T12:50:20","date_gmt":"2024-02-10T11:50:20","guid":{"rendered":"https:\/\/liberecky.pionyr.cz\/?page_id=448"},"modified":"2025-12-04T07:55:30","modified_gmt":"2025-12-04T06:55:30","slug":"fotky-2024","status":"publish","type":"page","link":"https:\/\/liberecky.pionyr.cz\/?page_id=448","title":{"rendered":"Fotky 2024"},"content":{"rendered":"<h2><a href=\"https:\/\/liberecky.pionyr.cz\/?p=532\">ledov\u00e1 m\u011bsta 2024<\/a><\/h2>\n<h2><a href=\"https:\/\/liberecky.pionyr.cz\/?p=696\">PS Katamar\u00e1n &#8211; LETN\u00cd T\u00c1BOR 2024<\/a><\/h2>\n<h2><a href=\"https:\/\/liberecky.pionyr.cz\/?p=721\">3. ps skupina &#8211; LETN\u00cd T\u00c1BORY 2024<\/a><\/h2>\n<h2><a href=\"https:\/\/liberecky.pionyr.cz\/?p=697\">PS rALSKO &#8211; duben &#8211; \u010derven 2024<\/a><\/h2>\n<h2><a href=\"https:\/\/liberecky.pionyr.cz\/?p=722\">3. ps skupina &#8211; z\u00e1\u0159\u00ed &#8211; \u0159\u00edjen 2024<\/a><\/h2>\n<h2><a href=\"https:\/\/liberecky.pionyr.cz\/?p=742\">3. ps skupina &#8211; prosinec<\/a><\/h2>\n<h2><a href=\"https:\/\/liberecky.pionyr.cz\/?p=758\">ps katamar\u00e1n &#8211; prosinec<\/a><\/h2>\n","protected":false},"excerpt":{"rendered":"<p>ledov\u00e1 m\u011bsta 2024 PS Katamar\u00e1n &#8211; LETN\u00cd T\u00c1BOR 2024 3. ps skupina &#8211; LETN\u00cd T\u00c1BORY 2024 PS rALSKO &#8211; duben &#8211; \u010derven 2024 3. ps skupina &#8211; z\u00e1\u0159\u00ed &#8211; \u0159\u00edjen [&hellip;]<\/p>\n","protected":false},"author":2,"featured_media":0,"parent":0,"menu_order":0,"comment_status":"closed","ping_status":"closed","template":"","meta":{"_et_pb_use_builder":"","_et_pb_old_content":"","_et_gb_content_width":"","footnotes":""},"class_list":["post-448","page","type-page","status-publish","hentry"],"_links":{"self":[{"href":"https:\/\/liberecky.pionyr.cz\/index.php?rest_route=\/wp\/v2\/pages\/448","targetHints":{"allow":["GET"]}}],"collection":[{"href":"https:\/\/liberecky.pionyr.cz\/index.php?rest_route=\/wp\/v2\/pages"}],"about":[{"href":"https:\/\/liberecky.pionyr.cz\/index.php?rest_route=\/wp\/v2\/types\/page"}],"author":[{"embeddable":true,"href":"https:\/\/liberecky.pionyr.cz\/index.php?rest_route=\/wp\/v2\/users\/2"}],"replies":[{"embeddable":true,"href":"https:\/\/liberecky.pionyr.cz\/index.php?rest_route=%2Fwp%2Fv2%2Fcomments&post=448"}],"version-history":[{"count":0,"href":"https:\/\/liberecky.pionyr.cz\/index.php?rest_route=\/wp\/v2\/pages\/448\/revisions"}],"wp:attachment":[{"href":"https:\/\/liberecky.pionyr.cz\/index.php?rest_route=%2Fwp%2Fv2%2Fmedia&parent=448"}],"curies":[{"name":"wp","href":"https:\/\/api.w.org\/{rel}","templated":true}]}}