{"id":47,"date":"2023-04-02T09:49:03","date_gmt":"2023-04-02T07:49:03","guid":{"rendered":"https:\/\/liberecky.pionyr.cz\/?page_id=47"},"modified":"2023-05-01T13:16:14","modified_gmt":"2023-05-01T11:16:14","slug":"o-nas","status":"publish","type":"page","link":"https:\/\/liberecky.pionyr.cz\/?page_id=47","title":{"rendered":"O n\u00e1s"},"content":{"rendered":"<h4><img loading=\"lazy\" decoding=\"async\" class=\"wp-image-132 aligncenter\" src=\"https:\/\/liberecky.pionyr.cz\/wp-content\/uploads\/2023\/04\/Bez-nazvu-2-300x300.png\" alt=\"\" width=\"234\" height=\"234\" srcset=\"https:\/\/liberecky.pionyr.cz\/wp-content\/uploads\/2023\/04\/Bez-nazvu-2-300x300.png 300w, https:\/\/liberecky.pionyr.cz\/wp-content\/uploads\/2023\/04\/Bez-nazvu-2-1024x1024.png 1024w, https:\/\/liberecky.pionyr.cz\/wp-content\/uploads\/2023\/04\/Bez-nazvu-2-150x150.png 150w, https:\/\/liberecky.pionyr.cz\/wp-content\/uploads\/2023\/04\/Bez-nazvu-2-768x768.png 768w, https:\/\/liberecky.pionyr.cz\/wp-content\/uploads\/2023\/04\/Bez-nazvu-2-1536x1536.png 1536w, https:\/\/liberecky.pionyr.cz\/wp-content\/uploads\/2023\/04\/Bez-nazvu-2.png 2000w\" sizes=\"auto, (max-width: 234px) 100vw, 234px\" \/><u><\/u><\/h4>\n<h4><u>Kdo jsme:<\/u><\/h4>\n<p>B\u00fdt pion\u00fdrem m\u016f\u017ee zkusit ka\u017ed\u00fd\u2026 Znamen\u00e1 to hlavn\u011b setk\u00e1v\u00e1n\u00ed s\u00a0kamar\u00e1dy a\u00a0spole\u010dn\u00e9 hled\u00e1n\u00ed, pozn\u00e1v\u00e1n\u00ed, objevov\u00e1n\u00ed nov\u00fdch sv\u011bt\u016f i\u00a0vlastn\u011b \u00fapln\u011b oby\u010dejn\u00fdch v\u011bc\u00ed.<\/p>\n<p>Pion\u00fdr je spolek, kter\u00fd se v\u011bnuje v\u00fdchovn\u00e9 pr\u00e1ci s\u00a0d\u011btmi a\u00a0ml\u00e1de\u017e\u00ed ve voln\u00e9m \u010dase. Na\u0161e odd\u00edly a\u00a0kluby nab\u00edzej\u00ed \u010dinnost d\u00edvk\u00e1m i\u00a0chlapc\u016fm na v\u00edce ne\u017e 600\u00a0m\u00edstech po cel\u00e9 republice. Velk\u00e1 \u010d\u00e1st aktivit Pion\u00fdra je otev\u0159en\u00e1 ve\u0159ejnosti. Pion\u00fd\u0159i chod\u00ed na v\u00fdpravy, sportuj\u00ed, hraj\u00ed deskovky, jezd\u00ed na kolech, sout\u011b\u017e\u00ed, zp\u00edvaj\u00ed a\u00a0hraj\u00ed na hudebn\u00ed n\u00e1stroje \u2013 pozn\u00e1vaj\u00ed \u017eivot ze v\u0161ech mo\u017en\u00fdch str\u00e1nek, spolupracuj\u00ed, neboj\u00ed se t\u011b\u017ekost\u00ed a\u00a0probl\u00e9m\u016f, sna\u017e\u00ed se s\u00a0nimi vyrovn\u00e1vat \u010destn\u011b, hl\u00e1s\u00ed se ke sv\u00fdm \u00fakol\u016fm i\u00a0pr\u016f\u0161vih\u016fm, nemaj\u00ed sv\u00e9 slovo za c\u00e1r pap\u00edru, p\u0159ekon\u00e1vaj\u00ed bari\u00e9ry nab\u00eddkou p\u0159\u00edle\u017eitost\u00ed\u2026<\/p>\n<p>B\u00fdt pion\u00fdrem p\u0159in\u00e1\u0161\u00ed p\u0159\u00e1tele, z\u00e1\u017eitky, romantiku a\u00a0dobrodru\u017estv\u00ed i\u00a0v\u00a0tzv. v\u0161edn\u00edm \u017eivot\u011b. Ide\u00e1ly Pion\u00fdra nejsou p\u0159\u00edkazy, ale mety. K\u00a0jejich dosahov\u00e1n\u00ed je pot\u0159ebn\u00e1 chu\u0165 i\u00a0v\u016fle, rozvoj sebe sama i\u00a0t\u00fdmov\u00e9ho ducha.<\/p>\n<h4><u>Co d\u011bl\u00e1me:<\/u><\/h4>\n<p>Pion\u00fdr nab\u00edz\u00ed pestrou paletu aktivit. V\u00a0odd\u00edlech se nej\u010dast\u011bji jedn\u00e1 o\u00a0pravideln\u00e9\u00a0sch\u016fzky\u00a0a\u00a0odd\u00edlov\u00e9\u00a0v\u00fdpravy, v\u011bnujeme se turistice, t\u00e1bo\u0159en\u00ed, kultu\u0159e, sportu, p\u0159\u00edrodov\u011bd\u011b i\u00a0technice. Nev\u0161edn\u00ed jsou mezin\u00e1rodn\u00ed aktivity, kter\u00e9 p\u0159in\u00e1\u0161ej\u00ed opravdu ne\u010dekan\u00e9 p\u0159\u00edle\u017eitosti. V\u00a0na\u0161\u00ed nab\u00eddce jsou akce i\u00a0pro ne\u010dleny a\u00a0na v\u00edce ne\u017e stovce m\u00edst jsou otev\u0159en\u00e9 volno\u010dasov\u00e9\u00a0kluby. Vyvrcholen\u00edm \u010dinnosti jsou letn\u00ed\u00a0t\u00e1bory.<\/p>\n<h4><u>Co je pro n\u00e1s typick\u00e9?<\/u><\/h4>\n<p>D\u016fraz na v\u00fdchovu\u00a0(s d\u011btmi si nejen hrajeme, ale hrou i\u00a0vychov\u00e1v\u00e1me),\u00a0otev\u0159enost\u00a0(v\u011bt\u0161ina akc\u00ed, v\u010detn\u011b letn\u00edch t\u00e1bor\u016f, je otev\u0159en\u00e1),\u00a0rozmanitost\u00a0(odd\u00edly rozhoduj\u00ed o\u00a0zam\u011b\u0159en\u00ed i\u00a0konkr\u00e9tn\u00ed n\u00e1plni sv\u00e9 \u010dinnosti),\u00a0nez\u00e1vislost\u00a0(nem\u00e1me p\u0159\u00edm\u00e9 vazby na politick\u00e9 strany, c\u00edrkve, ani politick\u00e9 \u010di n\u00e1bo\u017eensk\u00e9 ideologie).<\/p>\n","protected":false},"excerpt":{"rendered":"<p>Kdo jsme: B\u00fdt pion\u00fdrem m\u016f\u017ee zkusit ka\u017ed\u00fd\u2026 Znamen\u00e1 to hlavn\u011b setk\u00e1v\u00e1n\u00ed s\u00a0kamar\u00e1dy a\u00a0spole\u010dn\u00e9 hled\u00e1n\u00ed, pozn\u00e1v\u00e1n\u00ed, objevov\u00e1n\u00ed nov\u00fdch sv\u011bt\u016f i\u00a0vlastn\u011b \u00fapln\u011b oby\u010dejn\u00fdch v\u011bc\u00ed. Pion\u00fdr je spolek, kter\u00fd se v\u011bnuje v\u00fdchovn\u00e9 pr\u00e1ci [&hellip;]<\/p>\n","protected":false},"author":2,"featured_media":0,"parent":0,"menu_order":0,"comment_status":"closed","ping_status":"closed","template":"","meta":{"_et_pb_use_builder":"","_et_pb_old_content":"","_et_gb_content_width":"","footnotes":""},"class_list":["post-47","page","type-page","status-publish","hentry"],"_links":{"self":[{"href":"https:\/\/liberecky.pionyr.cz\/index.php?rest_route=\/wp\/v2\/pages\/47","targetHints":{"allow":["GET"]}}],"collection":[{"href":"https:\/\/liberecky.pionyr.cz\/index.php?rest_route=\/wp\/v2\/pages"}],"about":[{"href":"https:\/\/liberecky.pionyr.cz\/index.php?rest_route=\/wp\/v2\/types\/page"}],"author":[{"embeddable":true,"href":"https:\/\/liberecky.pionyr.cz\/index.php?rest_route=\/wp\/v2\/users\/2"}],"replies":[{"embeddable":true,"href":"https:\/\/liberecky.pionyr.cz\/index.php?rest_route=%2Fwp%2Fv2%2Fcomments&post=47"}],"version-history":[{"count":0,"href":"https:\/\/liberecky.pionyr.cz\/index.php?rest_route=\/wp\/v2\/pages\/47\/revisions"}],"wp:attachment":[{"href":"https:\/\/liberecky.pionyr.cz\/index.php?rest_route=%2Fwp%2Fv2%2Fmedia&parent=47"}],"curies":[{"name":"wp","href":"https:\/\/api.w.org\/{rel}","templated":true}]}}