{"id":49,"date":"2023-04-02T09:49:19","date_gmt":"2023-04-02T07:49:19","guid":{"rendered":"https:\/\/liberecky.pionyr.cz\/?page_id=49"},"modified":"2025-12-04T07:37:48","modified_gmt":"2025-12-04T06:37:48","slug":"kontakty","status":"publish","type":"page","link":"https:\/\/liberecky.pionyr.cz\/?page_id=49","title":{"rendered":"Kontakty Libereck\u00e1 krajsk\u00e1 organizace Pion\u00fdra"},"content":{"rendered":"<p>&nbsp;<\/p>\n<p><strong>Adresa koresponden\u010dn\u00ed:<\/strong> Z\u00e1vist 1157, 156 00 Praha 5 &#8211; Z\u00e1vist<img loading=\"lazy\" decoding=\"async\" class=\" wp-image-135 alignright\" src=\"https:\/\/liberecky.pionyr.cz\/wp-content\/uploads\/2023\/04\/Logo_LKOP-300x300.png\" alt=\"\" width=\"227\" height=\"227\" srcset=\"https:\/\/liberecky.pionyr.cz\/wp-content\/uploads\/2023\/04\/Logo_LKOP-300x300.png 300w, https:\/\/liberecky.pionyr.cz\/wp-content\/uploads\/2023\/04\/Logo_LKOP-150x150.png 150w, https:\/\/liberecky.pionyr.cz\/wp-content\/uploads\/2023\/04\/Logo_LKOP.png 685w\" sizes=\"auto, (max-width: 227px) 100vw, 227px\" \/><\/p>\n<p><strong>Adresa s\u00eddla:<\/strong> U P\u0159ehrady 5129\/67, M\u0161eno nad Nisou, 466 02 Jablonec nad Nisou<\/p>\n<p><strong>I\u010cO:<\/strong>70844143<\/p>\n<p>&nbsp;<\/p>\n<p><strong>P\u0159edseda KOP:<\/strong> Ji\u0159\u00ed Manych<\/p>\n<p><strong>Telefon:<\/strong> +420 606 251 363<\/p>\n<p><strong>E-mail:<\/strong> <a href=\"mailto:libereckakop@gmail.com\">libereckakop@gmail.com<\/a><\/p>\n<hr \/>\n<p><strong>P\u0159edseda KK KOP:<\/strong> Pavel Ko\u0161ek<\/p>\n<p><strong>Telefon:<\/strong> +420\u00a0777\u00a0567 351<\/p>\n<p><strong>E-mail:<\/strong> <a href=\"mailto:pavel.kosek@ipl.cz\">pavel.kosek@ipl.cz<\/a><\/p>\n<hr \/>\n<p><strong>Hospod\u00e1\u0159 KOP:<\/strong> Lenka Pe\u0161kov\u00e1<\/p>\n<p><strong>Telefon:<\/strong> +420 734 681 091<\/p>\n<p><strong>E-mail:<\/strong> <a href=\"mailto:lenculka.novotna@seznam.cz\">lenculka.novotna@seznam.cz<\/a><\/p>\n<hr \/>\n<p><strong>Garant PVC:<\/strong> Jana Har\u0161anyi<\/p>\n<p><strong>Telefon:<\/strong> +420\u00a0774\u00a0167 892<\/p>\n<p><strong>E-mail:<\/strong> <a href=\"mailto:j.svobodova@atlas.cz\">j.svobodova@atlas.cz<\/a><\/p>\n<hr \/>\n<p><strong>V\u00fdkonn\u00fd v\u00fdbor:<\/strong> Helena Novotn\u00e1, Ivana Vl\u010dkov\u00e1, Tom\u00e1\u0161 Rychta\u0159\u00edk, Veronika Santorisov\u00e1, Ji\u0159\u00ed Manych, Martina Eiseltov\u00e1, Michal Falta, Vladim\u00edr Star\u00fd, Lucie Boudov\u00e1<\/p>\n<p>&nbsp;<\/p>\n","protected":false},"excerpt":{"rendered":"<p>&nbsp; Adresa koresponden\u010dn\u00ed: Z\u00e1vist 1157, 156 00 Praha 5 &#8211; Z\u00e1vist Adresa s\u00eddla: U P\u0159ehrady 5129\/67, M\u0161eno nad Nisou, 466 02 Jablonec nad Nisou I\u010cO:70844143 &nbsp; P\u0159edseda KOP: Ji\u0159\u00ed Manych [&hellip;]<\/p>\n","protected":false},"author":2,"featured_media":0,"parent":0,"menu_order":0,"comment_status":"closed","ping_status":"closed","template":"","meta":{"_et_pb_use_builder":"off","_et_pb_old_content":"","_et_gb_content_width":"","footnotes":""},"class_list":["post-49","page","type-page","status-publish","hentry"],"_links":{"self":[{"href":"https:\/\/liberecky.pionyr.cz\/index.php?rest_route=\/wp\/v2\/pages\/49","targetHints":{"allow":["GET"]}}],"collection":[{"href":"https:\/\/liberecky.pionyr.cz\/index.php?rest_route=\/wp\/v2\/pages"}],"about":[{"href":"https:\/\/liberecky.pionyr.cz\/index.php?rest_route=\/wp\/v2\/types\/page"}],"author":[{"embeddable":true,"href":"https:\/\/liberecky.pionyr.cz\/index.php?rest_route=\/wp\/v2\/users\/2"}],"replies":[{"embeddable":true,"href":"https:\/\/liberecky.pionyr.cz\/index.php?rest_route=%2Fwp%2Fv2%2Fcomments&post=49"}],"version-history":[{"count":0,"href":"https:\/\/liberecky.pionyr.cz\/index.php?rest_route=\/wp\/v2\/pages\/49\/revisions"}],"wp:attachment":[{"href":"https:\/\/liberecky.pionyr.cz\/index.php?rest_route=%2Fwp%2Fv2%2Fmedia&parent=49"}],"curies":[{"name":"wp","href":"https:\/\/api.w.org\/{rel}","templated":true}]}}