{"id":548,"date":"2024-02-10T15:18:03","date_gmt":"2024-02-10T14:18:03","guid":{"rendered":"https:\/\/liberecky.pionyr.cz\/?page_id=548"},"modified":"2024-02-10T15:18:03","modified_gmt":"2024-02-10T14:18:03","slug":"1-pionyrska-skupina-akce-2023","status":"publish","type":"page","link":"https:\/\/liberecky.pionyr.cz\/?page_id=548","title":{"rendered":"1. PION\u00ddRSK\u00c1 SKUPINA \u2013 AKCE 2023"},"content":{"rendered":"<p><a href=\"https:\/\/www.dracatajablonec.cz\/fotogalerie\/taborova-videa\/video-2023\/\">T\u00e1bor Pecka 2023 2.b\u011bh &#8211; video<\/a><\/p>\n<p><a href=\"https:\/\/youtu.be\/IrXctbwYb5o?si=0C5G05j582JuN1sH\">T\u00e1bor Pecka 2023 3.b\u011bh &#8211; video<\/a><\/p>\n<p>&nbsp;<\/p>\n","protected":false},"excerpt":{"rendered":"<p>T\u00e1bor Pecka 2023 2.b\u011bh &#8211; video T\u00e1bor Pecka 2023 3.b\u011bh &#8211; video &nbsp;<\/p>\n","protected":false},"author":2,"featured_media":0,"parent":0,"menu_order":0,"comment_status":"closed","ping_status":"closed","template":"","meta":{"_et_pb_use_builder":"","_et_pb_old_content":"","_et_gb_content_width":"","footnotes":""},"class_list":["post-548","page","type-page","status-publish","hentry"],"_links":{"self":[{"href":"https:\/\/liberecky.pionyr.cz\/index.php?rest_route=\/wp\/v2\/pages\/548","targetHints":{"allow":["GET"]}}],"collection":[{"href":"https:\/\/liberecky.pionyr.cz\/index.php?rest_route=\/wp\/v2\/pages"}],"about":[{"href":"https:\/\/liberecky.pionyr.cz\/index.php?rest_route=\/wp\/v2\/types\/page"}],"author":[{"embeddable":true,"href":"https:\/\/liberecky.pionyr.cz\/index.php?rest_route=\/wp\/v2\/users\/2"}],"replies":[{"embeddable":true,"href":"https:\/\/liberecky.pionyr.cz\/index.php?rest_route=%2Fwp%2Fv2%2Fcomments&post=548"}],"version-history":[{"count":0,"href":"https:\/\/liberecky.pionyr.cz\/index.php?rest_route=\/wp\/v2\/pages\/548\/revisions"}],"wp:attachment":[{"href":"https:\/\/liberecky.pionyr.cz\/index.php?rest_route=%2Fwp%2Fv2%2Fmedia&parent=548"}],"curies":[{"name":"wp","href":"https:\/\/api.w.org\/{rel}","templated":true}]}}