{"id":568,"date":"2024-03-24T15:01:27","date_gmt":"2024-03-24T14:01:27","guid":{"rendered":"https:\/\/liberecky.pionyr.cz\/?page_id=568"},"modified":"2024-03-24T15:01:27","modified_gmt":"2024-03-24T14:01:27","slug":"vikendova-vzdelavaci-akce-liberecke-krajske-organizace-a-ustecke-krajske-organizace","status":"publish","type":"page","link":"https:\/\/liberecky.pionyr.cz\/?page_id=568","title":{"rendered":"V\u00edkendov\u00e1 vzd\u011bl\u00e1vac\u00ed akce Libereck\u00e9 krajsk\u00e9 organizace a \u00dasteck\u00e9 krajsk\u00e9 organizace"},"content":{"rendered":"<div id=\"grid-gallery-13-88195\" data-gg-id=\"13\" data-title=\"V\u00edkendov\u00e1 vzd\u011bl\u00e1vac\u00ed akce Libereck\u00e9 krajsk\u00e9 organizace a \u00dasteck\u00e9 krajsk\u00e9 organizace\" data-grid-type=\"0\" data-offset=\"5.3\" data-area-position=\"center\" data-icons=\"\" data-preloader=\"true\" data-width=\"215\" data-height=\"215\" data-padding=\"0\" data-quicksand=\"disabled\" data-quicksand-duration=\"1800\" data-popup-theme=\"theme_6\" data-popup-type=\"pretty-photo\" data-popup-image-text=\"data-description\" data-popup-widthsize=\"auto\" data-popup-heightsize=\"auto\" data-popup-i18n-words=\"{&quot;close&quot;:&quot;close&quot;,&quot;next&quot;:&quot;next&quot;,&quot;previous&quot;:&quot;previous&quot;,&quot;start_slideshow&quot;:&quot;start slideshow&quot;,&quot;stop_slideshow&quot;:&quot;stop slideshow&quot;,&quot;image&quot;:&quot;image&quot;,&quot;of&quot;:&quot;of&quot;,&quot;prev&quot;:&quot;prev&quot;,&quot;cExpand&quot;:&quot;Expand&quot;,&quot;cPrevious&quot;:&quot;Previous&quot;,&quot;cNext&quot;:&quot;Dal\\u0161\\u00ed&quot;,&quot;cExpandStr&quot;:&quot;Expand the image&quot;,&quot;cRotate&quot;:&quot;Rotate&quot;,&quot;cDetails&quot;:&quot;Details&quot;}\" data-popup-slideshow=\"false\" data-popup-slideshow-speed=\"2500\" data-popup-hoverstop=\"true\" data-popup-slideshow-auto=\"false\" data-popup-background=\"\" data-popup-transparency=\"30\" data-popup-disable-history=\"\" data-popup-disable-changed-url=\"\" data-popup-border-type=\"\" data-popup-border-color=\"\" data-popup-border-width=\"\" data-popup-border-enable=\"\" data-fullscreen=\"false\" data-hide-tooltip=\"false\" data-caption-font-family=\"Default\" data-caption-text-size=\"140\" data-is-mobile=\"0\" data-caption-mobile=\"false\" data-hide-long-tltp-title=\"0\" data-caption-disabled-on-mobile=\"false\" data-popup-placement-type=\"0\" data-social-sharing=\"{&quot;enabled&quot;:&quot;&quot;,&quot;gallerySharing&quot;:{&quot;enabled&quot;:null,&quot;position&quot;:null},&quot;imageSharing&quot;:{&quot;enabled&quot;:null,&quot;wrapperClass&quot;:&quot; vertical &quot;},&quot;popupSharing&quot;:{&quot;enabled&quot;:null,&quot;wrapperClass&quot;:&quot; vertical &quot;}}\" class=\"grid-gallery grid-gallery-fixed \" style=\" width:100%; height:auto; margin-left:auto; margin-right:auto;position:relative;\"> <div class=\"gallery-loading\"> <div class=\"blocks\"> <div class=\"block\"><\/div> <div class=\"block\"><\/div> <div class=\"block\"><\/div> <div class=\"block\"><\/div> <\/div> <\/div> <div class=\"gallery-sharing-top\" style=\"display:none;\"> <\/div> <div id=\"photos-13\" class=\"grid-gallery-photos\"><FIGURE class=\"grid-gallery-caption\" data-grid-gallery-type=\"quarter-slide-up\" data-index=\"0\" style=\"display:none;border-radius:00;; margin:5.3px; width:2150;\" ><div class=\"crop\" style=\" width:2150; height:2150; overflow:hidden;\"><img decoding=\"async\" src=\"https:\/\/liberecky.pionyr.cz\/wp-content\/uploads\/2024\/03\/WhatsApp-Image-2024-03-16-at-10.38.51-1-215x215.jpeg\" class=\"ggImg\" alt=\"WhatsApp Image 2024-03-16 at 10.38.51 (1)\" title=\"WhatsApp Image 2024-03-16 at 10.38.51 (1)\" data-description=\"WhatsApp Image 2024-03-16 at 10.38.51 (1)\" data-caption=\"WhatsApp Image 2024-03-16 at 10.38.51 (1)\" data-title=\"WhatsApp Image 2024-03-16 at 10.38.51 (1)\" style=\" width:215px; height:215px;\" \/><\/div><FIGCAPTION class=\"\" data-alpha=\"5\" style=\"color:#ffffff; background-color:#6f0000; font-size:140; text-align:2; font-family:Default;\" ><div class=\"grid-gallery-figcaption-wrap\" style=\"\"><\/div><\/FIGCAPTION><\/FIGURE><FIGURE class=\"grid-gallery-caption\" data-grid-gallery-type=\"quarter-slide-up\" data-index=\"1\" style=\"display:none;border-radius:00;; margin:5.3px; width:2150;\" ><div class=\"crop\" style=\" width:2150; height:2150; overflow:hidden;\"><img decoding=\"async\" src=\"https:\/\/liberecky.pionyr.cz\/wp-content\/uploads\/2024\/03\/WhatsApp-Image-2024-03-16-at-10.38.51-2-215x215.jpeg\" class=\"ggImg\" alt=\"WhatsApp Image 2024-03-16 at 10.38.51 (2)\" title=\"WhatsApp Image 2024-03-16 at 10.38.51 (2)\" data-description=\"WhatsApp Image 2024-03-16 at 10.38.51 (2)\" data-caption=\"WhatsApp Image 2024-03-16 at 10.38.51 (2)\" data-title=\"WhatsApp Image 2024-03-16 at 10.38.51 (2)\" style=\" width:215px; height:215px;\" \/><\/div><FIGCAPTION class=\"\" data-alpha=\"5\" style=\"color:#ffffff; background-color:#6f0000; font-size:140; text-align:2; font-family:Default;\" ><div class=\"grid-gallery-figcaption-wrap\" style=\"\"><\/div><\/FIGCAPTION><\/FIGURE><FIGURE class=\"grid-gallery-caption\" data-grid-gallery-type=\"quarter-slide-up\" data-index=\"2\" style=\"display:none;border-radius:00;; margin:5.3px; width:2150;\" ><div class=\"crop\" style=\" width:2150; height:2150; overflow:hidden;\"><img decoding=\"async\" src=\"https:\/\/liberecky.pionyr.cz\/wp-content\/uploads\/2024\/03\/WhatsApp-Image-2024-03-16-at-10.38.51-3-215x215.jpeg\" class=\"ggImg\" alt=\"WhatsApp Image 2024-03-16 at 10.38.51 (3)\" title=\"WhatsApp Image 2024-03-16 at 10.38.51 (3)\" data-description=\"WhatsApp Image 2024-03-16 at 10.38.51 (3)\" data-caption=\"WhatsApp Image 2024-03-16 at 10.38.51 (3)\" data-title=\"WhatsApp Image 2024-03-16 at 10.38.51 (3)\" style=\" width:215px; height:215px;\" \/><\/div><FIGCAPTION class=\"\" data-alpha=\"5\" style=\"color:#ffffff; background-color:#6f0000; font-size:140; text-align:2; font-family:Default;\" ><div class=\"grid-gallery-figcaption-wrap\" style=\"\"><\/div><\/FIGCAPTION><\/FIGURE><FIGURE class=\"grid-gallery-caption\" data-grid-gallery-type=\"quarter-slide-up\" data-index=\"3\" style=\"display:none;border-radius:00;; margin:5.3px; width:2150;\" ><div class=\"crop\" style=\" width:2150; height:2150; overflow:hidden;\"><img decoding=\"async\" src=\"https:\/\/liberecky.pionyr.cz\/wp-content\/uploads\/2024\/03\/WhatsApp-Image-2024-03-16-at-10.38.51-215x215.jpeg\" class=\"ggImg\" alt=\"WhatsApp Image 2024-03-16 at 10.38.51\" title=\"WhatsApp Image 2024-03-16 at 10.38.51\" data-description=\"WhatsApp Image 2024-03-16 at 10.38.51\" data-caption=\"WhatsApp Image 2024-03-16 at 10.38.51\" data-title=\"WhatsApp Image 2024-03-16 at 10.38.51\" style=\" width:215px; height:215px;\" \/><\/div><FIGCAPTION class=\"\" data-alpha=\"5\" style=\"color:#ffffff; background-color:#6f0000; font-size:140; text-align:2; font-family:Default;\" ><div class=\"grid-gallery-figcaption-wrap\" style=\"\"><\/div><\/FIGCAPTION><\/FIGURE><FIGURE class=\"grid-gallery-caption\" data-grid-gallery-type=\"quarter-slide-up\" data-index=\"4\" style=\"display:none;border-radius:00;; margin:5.3px; width:2150;\" ><div class=\"crop\" style=\" width:2150; height:2150; overflow:hidden;\"><img decoding=\"async\" src=\"https:\/\/liberecky.pionyr.cz\/wp-content\/uploads\/2024\/03\/WhatsApp-Image-2024-03-16-at-17.33.00-1-215x215.jpeg\" class=\"ggImg\" alt=\"WhatsApp Image 2024-03-16 at 17.33.00 (1)\" title=\"WhatsApp Image 2024-03-16 at 17.33.00 (1)\" data-description=\"WhatsApp Image 2024-03-16 at 17.33.00 (1)\" data-caption=\"WhatsApp Image 2024-03-16 at 17.33.00 (1)\" data-title=\"WhatsApp Image 2024-03-16 at 17.33.00 (1)\" style=\" width:215px; height:215px;\" \/><\/div><FIGCAPTION class=\"\" data-alpha=\"5\" style=\"color:#ffffff; background-color:#6f0000; font-size:140; text-align:2; font-family:Default;\" ><div class=\"grid-gallery-figcaption-wrap\" style=\"\"><\/div><\/FIGCAPTION><\/FIGURE><FIGURE class=\"grid-gallery-caption\" data-grid-gallery-type=\"quarter-slide-up\" data-index=\"5\" style=\"display:none;border-radius:00;; margin:5.3px; width:2150;\" ><div class=\"crop\" style=\" width:2150; height:2150; overflow:hidden;\"><img decoding=\"async\" src=\"https:\/\/liberecky.pionyr.cz\/wp-content\/uploads\/2024\/03\/WhatsApp-Image-2024-03-16-at-17.33.00-2-215x215.jpeg\" class=\"ggImg\" alt=\"WhatsApp Image 2024-03-16 at 17.33.00 (2)\" title=\"WhatsApp Image 2024-03-16 at 17.33.00 (2)\" data-description=\"WhatsApp Image 2024-03-16 at 17.33.00 (2)\" data-caption=\"WhatsApp Image 2024-03-16 at 17.33.00 (2)\" data-title=\"WhatsApp Image 2024-03-16 at 17.33.00 (2)\" style=\" width:215px; height:215px;\" \/><\/div><FIGCAPTION class=\"\" data-alpha=\"5\" style=\"color:#ffffff; background-color:#6f0000; font-size:140; text-align:2; font-family:Default;\" ><div class=\"grid-gallery-figcaption-wrap\" style=\"\"><\/div><\/FIGCAPTION><\/FIGURE><FIGURE class=\"grid-gallery-caption\" data-grid-gallery-type=\"quarter-slide-up\" data-index=\"6\" style=\"display:none;border-radius:00;; margin:5.3px; width:2150;\" ><div class=\"crop\" style=\" width:2150; height:2150; overflow:hidden;\"><img decoding=\"async\" src=\"https:\/\/liberecky.pionyr.cz\/wp-content\/uploads\/2024\/03\/WhatsApp-Image-2024-03-16-at-17.33.00-3-215x215.jpeg\" class=\"ggImg\" alt=\"WhatsApp Image 2024-03-16 at 17.33.00 (3)\" title=\"WhatsApp Image 2024-03-16 at 17.33.00 (3)\" data-description=\"WhatsApp Image 2024-03-16 at 17.33.00 (3)\" data-caption=\"WhatsApp Image 2024-03-16 at 17.33.00 (3)\" data-title=\"WhatsApp Image 2024-03-16 at 17.33.00 (3)\" style=\" width:215px; height:215px;\" \/><\/div><FIGCAPTION class=\"\" data-alpha=\"5\" style=\"color:#ffffff; background-color:#6f0000; font-size:140; text-align:2; font-family:Default;\" ><div class=\"grid-gallery-figcaption-wrap\" style=\"\"><\/div><\/FIGCAPTION><\/FIGURE><FIGURE class=\"grid-gallery-caption\" data-grid-gallery-type=\"quarter-slide-up\" data-index=\"7\" style=\"display:none;border-radius:00;; margin:5.3px; width:2150;\" ><div class=\"crop\" style=\" width:2150; height:2150; overflow:hidden;\"><img decoding=\"async\" src=\"https:\/\/liberecky.pionyr.cz\/wp-content\/uploads\/2024\/03\/WhatsApp-Image-2024-03-16-at-17.33.00-4-215x215.jpeg\" class=\"ggImg\" alt=\"WhatsApp Image 2024-03-16 at 17.33.00 (4)\" title=\"WhatsApp Image 2024-03-16 at 17.33.00 (4)\" data-description=\"WhatsApp Image 2024-03-16 at 17.33.00 (4)\" data-caption=\"WhatsApp Image 2024-03-16 at 17.33.00 (4)\" data-title=\"WhatsApp Image 2024-03-16 at 17.33.00 (4)\" style=\" width:215px; height:215px;\" \/><\/div><FIGCAPTION class=\"\" data-alpha=\"5\" style=\"color:#ffffff; background-color:#6f0000; font-size:140; text-align:2; font-family:Default;\" ><div class=\"grid-gallery-figcaption-wrap\" style=\"\"><\/div><\/FIGCAPTION><\/FIGURE><FIGURE class=\"grid-gallery-caption\" data-grid-gallery-type=\"quarter-slide-up\" data-index=\"8\" style=\"display:none;border-radius:00;; margin:5.3px; width:2150;\" ><div class=\"crop\" style=\" width:2150; height:2150; overflow:hidden;\"><img decoding=\"async\" src=\"https:\/\/liberecky.pionyr.cz\/wp-content\/uploads\/2024\/03\/WhatsApp-Image-2024-03-16-at-17.33.00-5-215x215.jpeg\" class=\"ggImg\" alt=\"WhatsApp Image 2024-03-16 at 17.33.00 (5)\" title=\"WhatsApp Image 2024-03-16 at 17.33.00 (5)\" data-description=\"WhatsApp Image 2024-03-16 at 17.33.00 (5)\" data-caption=\"WhatsApp Image 2024-03-16 at 17.33.00 (5)\" data-title=\"WhatsApp Image 2024-03-16 at 17.33.00 (5)\" style=\" width:215px; height:215px;\" \/><\/div><FIGCAPTION class=\"\" data-alpha=\"5\" style=\"color:#ffffff; background-color:#6f0000; font-size:140; text-align:2; font-family:Default;\" ><div class=\"grid-gallery-figcaption-wrap\" style=\"\"><\/div><\/FIGCAPTION><\/FIGURE><FIGURE class=\"grid-gallery-caption\" data-grid-gallery-type=\"quarter-slide-up\" data-index=\"9\" style=\"display:none;border-radius:00;; margin:5.3px; width:2150;\" ><div class=\"crop\" style=\" width:2150; height:2150; overflow:hidden;\"><img decoding=\"async\" src=\"https:\/\/liberecky.pionyr.cz\/wp-content\/uploads\/2024\/03\/WhatsApp-Image-2024-03-16-at-17.33.00-6-215x215.jpeg\" class=\"ggImg\" alt=\"WhatsApp Image 2024-03-16 at 17.33.00 (6)\" title=\"WhatsApp Image 2024-03-16 at 17.33.00 (6)\" data-description=\"WhatsApp Image 2024-03-16 at 17.33.00 (6)\" data-caption=\"WhatsApp Image 2024-03-16 at 17.33.00 (6)\" data-title=\"WhatsApp Image 2024-03-16 at 17.33.00 (6)\" style=\" width:215px; height:215px;\" \/><\/div><FIGCAPTION class=\"\" data-alpha=\"5\" style=\"color:#ffffff; background-color:#6f0000; font-size:140; text-align:2; font-family:Default;\" ><div class=\"grid-gallery-figcaption-wrap\" style=\"\"><\/div><\/FIGCAPTION><\/FIGURE><FIGURE class=\"grid-gallery-caption\" data-grid-gallery-type=\"quarter-slide-up\" data-index=\"10\" style=\"display:none;border-radius:00;; margin:5.3px; width:2150;\" ><div class=\"crop\" style=\" width:2150; height:2150; overflow:hidden;\"><img decoding=\"async\" src=\"https:\/\/liberecky.pionyr.cz\/wp-content\/uploads\/2024\/03\/WhatsApp-Image-2024-03-16-at-17.33.00-7-215x215.jpeg\" class=\"ggImg\" alt=\"WhatsApp Image 2024-03-16 at 17.33.00 (7)\" title=\"WhatsApp Image 2024-03-16 at 17.33.00 (7)\" data-description=\"WhatsApp Image 2024-03-16 at 17.33.00 (7)\" data-caption=\"WhatsApp Image 2024-03-16 at 17.33.00 (7)\" data-title=\"WhatsApp Image 2024-03-16 at 17.33.00 (7)\" style=\" width:215px; height:215px;\" \/><\/div><FIGCAPTION class=\"\" data-alpha=\"5\" style=\"color:#ffffff; background-color:#6f0000; font-size:140; text-align:2; font-family:Default;\" ><div class=\"grid-gallery-figcaption-wrap\" style=\"\"><\/div><\/FIGCAPTION><\/FIGURE><FIGURE class=\"grid-gallery-caption\" data-grid-gallery-type=\"quarter-slide-up\" data-index=\"11\" style=\"display:none;border-radius:00;; margin:5.3px; width:2150;\" ><div class=\"crop\" style=\" width:2150; height:2150; overflow:hidden;\"><img decoding=\"async\" src=\"https:\/\/liberecky.pionyr.cz\/wp-content\/uploads\/2024\/03\/WhatsApp-Image-2024-03-16-at-17.33.00-8-215x215.jpeg\" class=\"ggImg\" alt=\"WhatsApp Image 2024-03-16 at 17.33.00 (8)\" title=\"WhatsApp Image 2024-03-16 at 17.33.00 (8)\" data-description=\"WhatsApp Image 2024-03-16 at 17.33.00 (8)\" data-caption=\"WhatsApp Image 2024-03-16 at 17.33.00 (8)\" data-title=\"WhatsApp Image 2024-03-16 at 17.33.00 (8)\" style=\" width:215px; height:215px;\" \/><\/div><FIGCAPTION class=\"\" data-alpha=\"5\" style=\"color:#ffffff; background-color:#6f0000; font-size:140; text-align:2; font-family:Default;\" ><div class=\"grid-gallery-figcaption-wrap\" style=\"\"><\/div><\/FIGCAPTION><\/FIGURE><FIGURE class=\"grid-gallery-caption\" data-grid-gallery-type=\"quarter-slide-up\" data-index=\"12\" style=\"display:none;border-radius:00;; margin:5.3px; width:2150;\" ><div class=\"crop\" style=\" width:2150; height:2150; overflow:hidden;\"><img decoding=\"async\" src=\"https:\/\/liberecky.pionyr.cz\/wp-content\/uploads\/2024\/03\/WhatsApp-Image-2024-03-16-at-17.33.00-9-215x215.jpeg\" class=\"ggImg\" alt=\"WhatsApp Image 2024-03-16 at 17.33.00 (9)\" title=\"WhatsApp Image 2024-03-16 at 17.33.00 (9)\" data-description=\"WhatsApp Image 2024-03-16 at 17.33.00 (9)\" data-caption=\"WhatsApp Image 2024-03-16 at 17.33.00 (9)\" data-title=\"WhatsApp Image 2024-03-16 at 17.33.00 (9)\" style=\" width:215px; height:215px;\" \/><\/div><FIGCAPTION class=\"\" data-alpha=\"5\" style=\"color:#ffffff; background-color:#6f0000; font-size:140; text-align:2; font-family:Default;\" ><div class=\"grid-gallery-figcaption-wrap\" style=\"\"><\/div><\/FIGCAPTION><\/FIGURE><FIGURE class=\"grid-gallery-caption\" data-grid-gallery-type=\"quarter-slide-up\" data-index=\"13\" style=\"display:none;border-radius:00;; margin:5.3px; width:2150;\" ><div class=\"crop\" style=\" width:2150; height:2150; overflow:hidden;\"><img decoding=\"async\" src=\"https:\/\/liberecky.pionyr.cz\/wp-content\/uploads\/2024\/03\/WhatsApp-Image-2024-03-16-at-17.33.00-10-215x215.jpeg\" class=\"ggImg\" alt=\"WhatsApp Image 2024-03-16 at 17.33.00 (10)\" title=\"WhatsApp Image 2024-03-16 at 17.33.00 (10)\" data-description=\"WhatsApp Image 2024-03-16 at 17.33.00 (10)\" data-caption=\"WhatsApp Image 2024-03-16 at 17.33.00 (10)\" data-title=\"WhatsApp Image 2024-03-16 at 17.33.00 (10)\" style=\" width:215px; height:215px;\" \/><\/div><FIGCAPTION class=\"\" data-alpha=\"5\" style=\"color:#ffffff; background-color:#6f0000; font-size:140; text-align:2; font-family:Default;\" ><div class=\"grid-gallery-figcaption-wrap\" style=\"\"><\/div><\/FIGCAPTION><\/FIGURE><FIGURE class=\"grid-gallery-caption\" data-grid-gallery-type=\"quarter-slide-up\" data-index=\"14\" style=\"display:none;border-radius:00;; margin:5.3px; width:2150;\" ><div class=\"crop\" style=\" width:2150; height:2150; overflow:hidden;\"><img decoding=\"async\" src=\"https:\/\/liberecky.pionyr.cz\/wp-content\/uploads\/2024\/03\/WhatsApp-Image-2024-03-16-at-17.33.00-215x215.jpeg\" class=\"ggImg\" alt=\"WhatsApp Image 2024-03-16 at 17.33.00\" title=\"WhatsApp Image 2024-03-16 at 17.33.00\" data-description=\"WhatsApp Image 2024-03-16 at 17.33.00\" data-caption=\"WhatsApp Image 2024-03-16 at 17.33.00\" data-title=\"WhatsApp Image 2024-03-16 at 17.33.00\" style=\" width:215px; height:215px;\" \/><\/div><FIGCAPTION class=\"\" data-alpha=\"5\" style=\"color:#ffffff; background-color:#6f0000; font-size:140; text-align:2; font-family:Default;\" ><div class=\"grid-gallery-figcaption-wrap\" style=\"\"><\/div><\/FIGCAPTION><\/FIGURE><FIGURE class=\"grid-gallery-caption\" data-grid-gallery-type=\"quarter-slide-up\" data-index=\"15\" style=\"display:none;border-radius:00;; margin:5.3px; width:2150;\" ><div class=\"crop\" style=\" width:2150; height:2150; overflow:hidden;\"><img decoding=\"async\" src=\"https:\/\/liberecky.pionyr.cz\/wp-content\/uploads\/2024\/03\/IMG_5346-scaled-215x215.jpeg\" class=\"ggImg\" alt=\"IMG_5346\" title=\"IMG_5346\" data-description=\"IMG_5346\" data-caption=\"IMG_5346\" data-title=\"IMG_5346\" style=\" width:215px; height:215px;\" \/><\/div><FIGCAPTION class=\"\" data-alpha=\"5\" style=\"color:#ffffff; background-color:#6f0000; font-size:140; text-align:2; font-family:Default;\" ><div class=\"grid-gallery-figcaption-wrap\" style=\"\"><\/div><\/FIGCAPTION><\/FIGURE><FIGURE class=\"grid-gallery-caption\" data-grid-gallery-type=\"quarter-slide-up\" data-index=\"16\" style=\"display:none;border-radius:00;; margin:5.3px; width:2150;\" ><div class=\"crop\" style=\" width:2150; height:2150; overflow:hidden;\"><img decoding=\"async\" src=\"https:\/\/liberecky.pionyr.cz\/wp-content\/uploads\/2024\/03\/IMG_5209-215x215.jpeg\" class=\"ggImg\" alt=\"IMG_5209\" title=\"IMG_5209\" data-description=\"IMG_5209\" data-caption=\"IMG_5209\" data-title=\"IMG_5209\" style=\" width:215px; height:215px;\" \/><\/div><FIGCAPTION class=\"\" data-alpha=\"5\" style=\"color:#ffffff; background-color:#6f0000; font-size:140; text-align:2; font-family:Default;\" ><div class=\"grid-gallery-figcaption-wrap\" style=\"\"><\/div><\/FIGCAPTION><\/FIGURE><FIGURE class=\"grid-gallery-caption\" data-grid-gallery-type=\"quarter-slide-up\" data-index=\"17\" style=\"display:none;border-radius:00;; margin:5.3px; width:2150;\" ><div class=\"crop\" style=\" width:2150; height:2150; overflow:hidden;\"><img decoding=\"async\" src=\"https:\/\/liberecky.pionyr.cz\/wp-content\/uploads\/2024\/03\/IMG_5192-215x215.jpeg\" class=\"ggImg\" alt=\"IMG_5192\" title=\"IMG_5192\" data-description=\"IMG_5192\" data-caption=\"IMG_5192\" data-title=\"IMG_5192\" style=\" width:215px; height:215px;\" \/><\/div><FIGCAPTION class=\"\" data-alpha=\"5\" style=\"color:#ffffff; background-color:#6f0000; font-size:140; text-align:2; font-family:Default;\" ><div class=\"grid-gallery-figcaption-wrap\" style=\"\"><\/div><\/FIGCAPTION><\/FIGURE><FIGURE class=\"grid-gallery-caption\" data-grid-gallery-type=\"quarter-slide-up\" data-index=\"18\" style=\"display:none;border-radius:00;; margin:5.3px; width:2150;\" ><div class=\"crop\" style=\" width:2150; height:2150; overflow:hidden;\"><img decoding=\"async\" src=\"https:\/\/liberecky.pionyr.cz\/wp-content\/uploads\/2024\/03\/IMG_5193-215x215.jpeg\" class=\"ggImg\" alt=\"IMG_5193\" title=\"IMG_5193\" data-description=\"IMG_5193\" data-caption=\"IMG_5193\" data-title=\"IMG_5193\" style=\" width:215px; height:215px;\" \/><\/div><FIGCAPTION class=\"\" data-alpha=\"5\" style=\"color:#ffffff; background-color:#6f0000; font-size:140; text-align:2; font-family:Default;\" ><div class=\"grid-gallery-figcaption-wrap\" style=\"\"><\/div><\/FIGCAPTION><\/FIGURE><FIGURE class=\"grid-gallery-caption\" data-grid-gallery-type=\"quarter-slide-up\" data-index=\"19\" style=\"display:none;border-radius:00;; margin:5.3px; width:2150;\" ><div class=\"crop\" style=\" width:2150; height:2150; overflow:hidden;\"><img decoding=\"async\" src=\"https:\/\/liberecky.pionyr.cz\/wp-content\/uploads\/2024\/03\/IMG_5208-215x215.jpeg\" class=\"ggImg\" alt=\"IMG_5208\" title=\"IMG_5208\" data-description=\"IMG_5208\" data-caption=\"IMG_5208\" data-title=\"IMG_5208\" style=\" width:215px; height:215px;\" \/><\/div><FIGCAPTION class=\"\" data-alpha=\"5\" style=\"color:#ffffff; background-color:#6f0000; font-size:140; text-align:2; font-family:Default;\" ><div class=\"grid-gallery-figcaption-wrap\" style=\"\"><\/div><\/FIGCAPTION><\/FIGURE><FIGURE class=\"grid-gallery-caption\" data-grid-gallery-type=\"quarter-slide-up\" data-index=\"20\" style=\"display:none;border-radius:00;; margin:5.3px; width:2150;\" ><div class=\"crop\" style=\" width:2150; height:2150; overflow:hidden;\"><img decoding=\"async\" src=\"https:\/\/liberecky.pionyr.cz\/wp-content\/uploads\/2024\/03\/IMG_5316-scaled-215x215.jpeg\" class=\"ggImg\" alt=\"IMG_5316\" title=\"IMG_5316\" data-description=\"IMG_5316\" data-caption=\"IMG_5316\" data-title=\"IMG_5316\" style=\" width:215px; height:215px;\" \/><\/div><FIGCAPTION class=\"\" data-alpha=\"5\" style=\"color:#ffffff; background-color:#6f0000; font-size:140; text-align:2; font-family:Default;\" ><div class=\"grid-gallery-figcaption-wrap\" style=\"\"><\/div><\/FIGCAPTION><\/FIGURE><FIGURE class=\"grid-gallery-caption\" data-grid-gallery-type=\"quarter-slide-up\" data-index=\"21\" style=\"display:none;border-radius:00;; margin:5.3px; width:2150;\" ><div class=\"crop\" style=\" width:2150; height:2150; overflow:hidden;\"><img decoding=\"async\" src=\"https:\/\/liberecky.pionyr.cz\/wp-content\/uploads\/2024\/03\/IMG_5349-scaled-215x215.jpeg\" class=\"ggImg\" alt=\"IMG_5349\" title=\"IMG_5349\" data-description=\"IMG_5349\" data-caption=\"IMG_5349\" data-title=\"IMG_5349\" style=\" width:215px; height:215px;\" \/><\/div><FIGCAPTION class=\"\" data-alpha=\"5\" style=\"color:#ffffff; background-color:#6f0000; font-size:140; text-align:2; font-family:Default;\" ><div class=\"grid-gallery-figcaption-wrap\" style=\"\"><\/div><\/FIGCAPTION><\/FIGURE><FIGURE class=\"grid-gallery-caption\" data-grid-gallery-type=\"quarter-slide-up\" data-index=\"22\" style=\"display:none;border-radius:00;; margin:5.3px; width:2150;\" ><div class=\"crop\" style=\" width:2150; height:2150; overflow:hidden;\"><img decoding=\"async\" src=\"https:\/\/liberecky.pionyr.cz\/wp-content\/uploads\/2024\/03\/IMG_5297-scaled-215x215.jpeg\" class=\"ggImg\" alt=\"IMG_5297\" title=\"IMG_5297\" data-description=\"IMG_5297\" data-caption=\"IMG_5297\" data-title=\"IMG_5297\" style=\" width:215px; height:215px;\" \/><\/div><FIGCAPTION class=\"\" data-alpha=\"5\" style=\"color:#ffffff; background-color:#6f0000; font-size:140; text-align:2; font-family:Default;\" ><div class=\"grid-gallery-figcaption-wrap\" style=\"\"><\/div><\/FIGCAPTION><\/FIGURE> <div class=\"grid-gallery-clearfix\"><\/div> <\/div> <div class=\"gallery-sharing-bottom\" style=\"display:none;\"> <\/div> <div class=\"gallery-sharing-image\" style=\"display:none;\"> <\/div> <div class=\"gallery-sharing-popup\" style=\"display:none;\"> <\/div> <div class=\"grid-gallery-clearfix\"><\/div> <\/div> <!-- Gallery by Supsystic plugin1.15.24 --><a title=\"WordPress Gallery Plugin\" style=\"display:none;\" href=\"https:\/\/supsystic.com\/plugins\/photo-gallery\/?utm_medium=love_link\" target=\"_blank\">WordPress Gallery Plugin<\/a>\n","protected":false},"excerpt":{"rendered":"","protected":false},"author":2,"featured_media":0,"parent":0,"menu_order":0,"comment_status":"closed","ping_status":"closed","template":"","meta":{"_et_pb_use_builder":"","_et_pb_old_content":"","_et_gb_content_width":"","footnotes":""},"class_list":["post-568","page","type-page","status-publish","hentry"],"_links":{"self":[{"href":"https:\/\/liberecky.pionyr.cz\/index.php?rest_route=\/wp\/v2\/pages\/568","targetHints":{"allow":["GET"]}}],"collection":[{"href":"https:\/\/liberecky.pionyr.cz\/index.php?rest_route=\/wp\/v2\/pages"}],"about":[{"href":"https:\/\/liberecky.pionyr.cz\/index.php?rest_route=\/wp\/v2\/types\/page"}],"author":[{"embeddable":true,"href":"https:\/\/liberecky.pionyr.cz\/index.php?rest_route=\/wp\/v2\/users\/2"}],"replies":[{"embeddable":true,"href":"https:\/\/liberecky.pionyr.cz\/index.php?rest_route=%2Fwp%2Fv2%2Fcomments&post=568"}],"version-history":[{"count":0,"href":"https:\/\/liberecky.pionyr.cz\/index.php?rest_route=\/wp\/v2\/pages\/568\/revisions"}],"wp:attachment":[{"href":"https:\/\/liberecky.pionyr.cz\/index.php?rest_route=%2Fwp%2Fv2%2Fmedia&parent=568"}],"curies":[{"name":"wp","href":"https:\/\/api.w.org\/{rel}","templated":true}]}}