{"id":649,"date":"2024-06-02T15:07:02","date_gmt":"2024-06-02T13:07:02","guid":{"rendered":"https:\/\/liberecky.pionyr.cz\/?page_id=649"},"modified":"2024-06-02T16:54:43","modified_gmt":"2024-06-02T14:54:43","slug":"rezervacni-kalendar-lkop-kancelare","status":"publish","type":"page","link":"https:\/\/liberecky.pionyr.cz\/?page_id=649","title":{"rendered":"Rezerva\u010dn\u00ed kalend\u00e1\u0159 LKOP kancel\u00e1\u0159e"},"content":{"rendered":"<p>Pro vytvo\u0159en\u00ed ud\u00e1losti klikn\u011bte <a href=\"https:\/\/calendar.google.com\/calendar\/u\/0\/r?cid=2d3b3cadcf251079e9869f7a15245060510b997e0388ba2feb89da63b50318ff@group.calendar.google.com\"><span style=\"text-decoration: underline;\"><strong>zde<\/strong><\/span><\/a><\/p>\n<p><iframe loading=\"lazy\" style=\"border: 0;\" src=\"https:\/\/calendar.google.com\/calendar\/embed?src=2d3b3cadcf251079e9869f7a15245060510b997e0388ba2feb89da63b50318ff%40group.calendar.google.com&amp;ctz=Europe%2FPrague\" width=\"800\" height=\"600\" frameborder=\"0\" scrolling=\"no\"><\/iframe><\/p>\n","protected":false},"excerpt":{"rendered":"<p>Pro vytvo\u0159en\u00ed ud\u00e1losti klikn\u011bte zde<\/p>\n","protected":false},"author":2,"featured_media":0,"parent":0,"menu_order":0,"comment_status":"closed","ping_status":"closed","template":"","meta":{"_et_pb_use_builder":"","_et_pb_old_content":"","_et_gb_content_width":"","footnotes":""},"class_list":["post-649","page","type-page","status-publish","hentry"],"_links":{"self":[{"href":"https:\/\/liberecky.pionyr.cz\/index.php?rest_route=\/wp\/v2\/pages\/649","targetHints":{"allow":["GET"]}}],"collection":[{"href":"https:\/\/liberecky.pionyr.cz\/index.php?rest_route=\/wp\/v2\/pages"}],"about":[{"href":"https:\/\/liberecky.pionyr.cz\/index.php?rest_route=\/wp\/v2\/types\/page"}],"author":[{"embeddable":true,"href":"https:\/\/liberecky.pionyr.cz\/index.php?rest_route=\/wp\/v2\/users\/2"}],"replies":[{"embeddable":true,"href":"https:\/\/liberecky.pionyr.cz\/index.php?rest_route=%2Fwp%2Fv2%2Fcomments&post=649"}],"version-history":[{"count":0,"href":"https:\/\/liberecky.pionyr.cz\/index.php?rest_route=\/wp\/v2\/pages\/649\/revisions"}],"wp:attachment":[{"href":"https:\/\/liberecky.pionyr.cz\/index.php?rest_route=%2Fwp%2Fv2%2Fmedia&parent=649"}],"curies":[{"name":"wp","href":"https:\/\/api.w.org\/{rel}","templated":true}]}}