{"id":762,"date":"2025-01-04T22:16:54","date_gmt":"2025-01-04T21:16:54","guid":{"rendered":"https:\/\/liberecky.pionyr.cz\/?page_id=762"},"modified":"2025-12-04T07:57:48","modified_gmt":"2025-12-04T06:57:48","slug":"fotky-2025","status":"publish","type":"page","link":"https:\/\/liberecky.pionyr.cz\/?page_id=762","title":{"rendered":"Fotky 2025"},"content":{"rendered":"<h2><a href=\"https:\/\/liberecky.pionyr.cz\/?p=770\">3. PS SKUPINA \u2013 Mikul\u00e1\u0161 a hry v t\u011blocvi\u010dn\u011b<\/a><\/h2>\n<h2><a href=\"https:\/\/liberecky.pionyr.cz\/?p=780\">PS Katamar\u00e1n \u2013 Leden<\/a><\/h2>\n<h2><a href=\"https:\/\/liberecky.pionyr.cz\/?p=783\">3. PS SKUPINA \u2013 S\u00edlni\u010dka pln\u00e1 rukod\u011bln\u00fdch prac\u00ed<\/a><\/h2>\n<h2><a href=\"https:\/\/liberecky.pionyr.cz\/?p=785\">PS Katamar\u00e1n \u2013 \u00danor<\/a><\/h2>\n<h2><a href=\"https:\/\/liberecky.pionyr.cz\/?p=786\">3. PS SKUPINA \u2013 N\u00e1v\u0161t\u011bva Libereck\u00e9ho muzea<\/a><\/h2>\n<h2><a href=\"https:\/\/liberecky.pionyr.cz\/?p=788\">PS Katamar\u00e1n \u2013 B\u0159ezen<\/a><\/h2>\n<h2><a href=\"https:\/\/liberecky.pionyr.cz\/?p=795\">3. PS SKUPINA \u2013 Pozn\u00e1v\u00e1n\u00ed okol\u00ed Vale\u010dova a sk\u00e1kac\u00ed trampol\u00edny<\/a><\/h2>\n<h2><a href=\"https:\/\/liberecky.pionyr.cz\/?p=797\">PS Objevitel\u00e9 \u2013 V\u00fdlet do Kry\u0161tofova \u00fadol\u00ed<\/a><\/h2>\n<h2><a href=\"https:\/\/liberecky.pionyr.cz\/?p=799\">PS Katamar\u00e1n \u2013 Duben<\/a><\/h2>\n<h2><a href=\"https:\/\/liberecky.pionyr.cz\/?p=802\">3. PS SKUPINA \u2013 Duben<\/a><\/h2>\n<h2><a href=\"https:\/\/liberecky.pionyr.cz\/?p=807\">PS Katamar\u00e1n \u2013 Kv\u011bten<\/a><\/h2>\n<h2><a href=\"https:\/\/liberecky.pionyr.cz\/?p=808\">3. PS SKUPINA \u2013 Kv\u011bten<\/a><\/h2>\n<h2><a href=\"https:\/\/liberecky.pionyr.cz\/?p=821\">LEDOV\u00c1 M\u011aSTA 2025<\/a><\/h2>\n<h2><a href=\"https:\/\/liberecky.pionyr.cz\/?p=833\">3. PS SKUPINA \u2013 \u010cERVEN<\/a><\/h2>\n<h2><a href=\"https:\/\/liberecky.pionyr.cz\/?p=837\">PS KATAMAR\u00c1N &#8211; Z\u00c1\u0158\u00cd<\/a><\/h2>\n<h2><a href=\"https:\/\/liberecky.pionyr.cz\/?p=838\">PS KATAMAR\u00c1N &#8211; T\u00c1BOR 2025<\/a><\/h2>\n<h2><a href=\"https:\/\/liberecky.pionyr.cz\/?p=843\">3. PS skupina- T\u00c1BOR 2025<\/a><\/h2>\n<h2><a href=\"https:\/\/liberecky.pionyr.cz\/?p=845\">ps katamar\u00e1n &#8211; \u0159\u00edjen<\/a><\/h2>\n<h2><a href=\"https:\/\/liberecky.pionyr.cz\/?p=851\">3.ps skupina &#8211; \u0159\u00edjen<\/a><\/h2>\n<h2><a href=\"https:\/\/liberecky.pionyr.cz\/?p=847\">florbalov\u00fd turnaj lkop 2025<\/a><\/h2>\n<h2><a href=\"https:\/\/liberecky.pionyr.cz\/?p=853\">ps katamar\u00e1n &#8211; listopad<\/a><\/h2>\n<h2><\/h2>\n<h2><\/h2>\n","protected":false},"excerpt":{"rendered":"<p>3. PS SKUPINA \u2013 Mikul\u00e1\u0161 a hry v t\u011blocvi\u010dn\u011b PS Katamar\u00e1n \u2013 Leden 3. PS SKUPINA \u2013 S\u00edlni\u010dka pln\u00e1 rukod\u011bln\u00fdch prac\u00ed PS Katamar\u00e1n \u2013 \u00danor 3. PS SKUPINA \u2013 N\u00e1v\u0161t\u011bva [&hellip;]<\/p>\n","protected":false},"author":2,"featured_media":0,"parent":0,"menu_order":0,"comment_status":"closed","ping_status":"closed","template":"","meta":{"_et_pb_use_builder":"","_et_pb_old_content":"","_et_gb_content_width":"","footnotes":""},"class_list":["post-762","page","type-page","status-publish","hentry"],"_links":{"self":[{"href":"https:\/\/liberecky.pionyr.cz\/index.php?rest_route=\/wp\/v2\/pages\/762","targetHints":{"allow":["GET"]}}],"collection":[{"href":"https:\/\/liberecky.pionyr.cz\/index.php?rest_route=\/wp\/v2\/pages"}],"about":[{"href":"https:\/\/liberecky.pionyr.cz\/index.php?rest_route=\/wp\/v2\/types\/page"}],"author":[{"embeddable":true,"href":"https:\/\/liberecky.pionyr.cz\/index.php?rest_route=\/wp\/v2\/users\/2"}],"replies":[{"embeddable":true,"href":"https:\/\/liberecky.pionyr.cz\/index.php?rest_route=%2Fwp%2Fv2%2Fcomments&post=762"}],"version-history":[{"count":0,"href":"https:\/\/liberecky.pionyr.cz\/index.php?rest_route=\/wp\/v2\/pages\/762\/revisions"}],"wp:attachment":[{"href":"https:\/\/liberecky.pionyr.cz\/index.php?rest_route=%2Fwp%2Fv2%2Fmedia&parent=762"}],"curies":[{"name":"wp","href":"https:\/\/api.w.org\/{rel}","templated":true}]}}