{"id":764,"date":"2025-01-04T22:17:34","date_gmt":"2025-01-04T21:17:34","guid":{"rendered":"https:\/\/liberecky.pionyr.cz\/?page_id=764"},"modified":"2025-02-09T17:59:14","modified_gmt":"2025-02-09T16:59:14","slug":"tabory-2025-2","status":"publish","type":"page","link":"https:\/\/liberecky.pionyr.cz\/?page_id=764","title":{"rendered":"T\u00e1bory 2025"},"content":{"rendered":"<p><strong><br \/>\nPS Katamar\u00e1n &#8211; Letn\u00ed t\u00e1bor 2025<\/strong><\/p>\n<p><a href=\"http:\/\/katamaran-liberec.cz\/wordpress\/prihlaska-na-lt-2025\/\"><img loading=\"lazy\" decoding=\"async\" class=\"alignnone size-medium wp-image-773\" src=\"https:\/\/liberecky.pionyr.cz\/wp-content\/uploads\/2025\/02\/Letopisy-Narnie-2025-724x1024-1-212x300.png\" alt=\"\" width=\"212\" height=\"300\" srcset=\"https:\/\/liberecky.pionyr.cz\/wp-content\/uploads\/2025\/02\/Letopisy-Narnie-2025-724x1024-1-212x300.png 212w, https:\/\/liberecky.pionyr.cz\/wp-content\/uploads\/2025\/02\/Letopisy-Narnie-2025-724x1024-1.png 724w\" sizes=\"auto, (max-width: 212px) 100vw, 212px\" \/><\/a><\/p>\n<p>&nbsp;<\/p>\n<p><strong>PS Objevitel\u00e9 &#8211; Letn\u00ed t\u00e1bor 2025<\/strong><\/p>\n<p><a href=\"https:\/\/objevitele.pionyr.cz\/tabory\/\"><img loading=\"lazy\" decoding=\"async\" class=\"alignnone size-medium wp-image-774\" src=\"https:\/\/liberecky.pionyr.cz\/wp-content\/uploads\/2025\/02\/1739119952121-4d0cb349-e99d-44ce-ab72-2176531e641d_1-200x300.jpg\" alt=\"\" width=\"200\" height=\"300\" srcset=\"https:\/\/liberecky.pionyr.cz\/wp-content\/uploads\/2025\/02\/1739119952121-4d0cb349-e99d-44ce-ab72-2176531e641d_1-200x300.jpg 200w, https:\/\/liberecky.pionyr.cz\/wp-content\/uploads\/2025\/02\/1739119952121-4d0cb349-e99d-44ce-ab72-2176531e641d_1.jpg 682w\" sizes=\"auto, (max-width: 200px) 100vw, 200px\" \/><\/a><\/p>\n<p>&nbsp;<\/p>\n<p><strong>PS V\u00fd\u0159\u00ed &#8211; Letn\u00ed t\u00e1bor 2025<\/strong><\/p>\n<p><a href=\"https:\/\/www.facebook.com\/profile.php?id=100064667832643&amp;sk=about\"><img loading=\"lazy\" decoding=\"async\" class=\"alignnone size-medium wp-image-775\" src=\"https:\/\/liberecky.pionyr.cz\/wp-content\/uploads\/2025\/02\/stazeny-soubor-212x300.jpg\" alt=\"\" width=\"212\" height=\"300\" srcset=\"https:\/\/liberecky.pionyr.cz\/wp-content\/uploads\/2025\/02\/stazeny-soubor-212x300.jpg 212w, https:\/\/liberecky.pionyr.cz\/wp-content\/uploads\/2025\/02\/stazeny-soubor.jpg 644w\" sizes=\"auto, (max-width: 212px) 100vw, 212px\" \/><\/a><br \/>\n<!--more--><\/p>\n","protected":false},"excerpt":{"rendered":"<p>PS Katamar\u00e1n &#8211; Letn\u00ed t\u00e1bor 2025 &nbsp; PS Objevitel\u00e9 &#8211; Letn\u00ed t\u00e1bor 2025 &nbsp; PS V\u00fd\u0159\u00ed &#8211; Letn\u00ed t\u00e1bor 2025<\/p>\n","protected":false},"author":2,"featured_media":0,"parent":0,"menu_order":0,"comment_status":"closed","ping_status":"closed","template":"","meta":{"_et_pb_use_builder":"","_et_pb_old_content":"","_et_gb_content_width":"","footnotes":""},"class_list":["post-764","page","type-page","status-publish","hentry"],"_links":{"self":[{"href":"https:\/\/liberecky.pionyr.cz\/index.php?rest_route=\/wp\/v2\/pages\/764","targetHints":{"allow":["GET"]}}],"collection":[{"href":"https:\/\/liberecky.pionyr.cz\/index.php?rest_route=\/wp\/v2\/pages"}],"about":[{"href":"https:\/\/liberecky.pionyr.cz\/index.php?rest_route=\/wp\/v2\/types\/page"}],"author":[{"embeddable":true,"href":"https:\/\/liberecky.pionyr.cz\/index.php?rest_route=\/wp\/v2\/users\/2"}],"replies":[{"embeddable":true,"href":"https:\/\/liberecky.pionyr.cz\/index.php?rest_route=%2Fwp%2Fv2%2Fcomments&post=764"}],"version-history":[{"count":0,"href":"https:\/\/liberecky.pionyr.cz\/index.php?rest_route=\/wp\/v2\/pages\/764\/revisions"}],"wp:attachment":[{"href":"https:\/\/liberecky.pionyr.cz\/index.php?rest_route=%2Fwp%2Fv2%2Fmedia&parent=764"}],"curies":[{"name":"wp","href":"https:\/\/api.w.org\/{rel}","templated":true}]}}