{"id":78,"date":"2023-04-04T18:29:47","date_gmt":"2023-04-04T16:29:47","guid":{"rendered":"https:\/\/liberecky.pionyr.cz\/?page_id=78"},"modified":"2025-12-04T08:01:29","modified_gmt":"2025-12-04T07:01:29","slug":"tabory","status":"publish","type":"page","link":"https:\/\/liberecky.pionyr.cz\/?page_id=78","title":{"rendered":"T\u00e1bory"},"content":{"rendered":"<h2 style=\"text-align: left;\"><a href=\"https:\/\/liberecky.pionyr.cz\/?page_id=250\"><strong>Letn\u00ed t\u00e1bory pro rok 2023<\/strong><\/a><\/h2>\n<h2 style=\"text-align: left;\"><a href=\"https:\/\/liberecky.pionyr.cz\/?page_id=333\"><strong>Letn\u00ed t\u00e1bory pro rok 2024<\/strong><\/a><\/h2>\n<h2 style=\"text-align: left;\"><a href=\"https:\/\/liberecky.pionyr.cz\/?page_id=764\"><strong>Letn\u00ed t\u00e1bory pro rok 2025<\/strong><\/a><\/h2>\n","protected":false},"excerpt":{"rendered":"<p>Letn\u00ed t\u00e1bory pro rok 2023 Letn\u00ed t\u00e1bory pro rok 2024 Letn\u00ed t\u00e1bory pro rok 2025<\/p>\n","protected":false},"author":2,"featured_media":0,"parent":0,"menu_order":0,"comment_status":"closed","ping_status":"closed","template":"","meta":{"_et_pb_use_builder":"","_et_pb_old_content":"","_et_gb_content_width":"","footnotes":""},"class_list":["post-78","page","type-page","status-publish","hentry"],"_links":{"self":[{"href":"https:\/\/liberecky.pionyr.cz\/index.php?rest_route=\/wp\/v2\/pages\/78","targetHints":{"allow":["GET"]}}],"collection":[{"href":"https:\/\/liberecky.pionyr.cz\/index.php?rest_route=\/wp\/v2\/pages"}],"about":[{"href":"https:\/\/liberecky.pionyr.cz\/index.php?rest_route=\/wp\/v2\/types\/page"}],"author":[{"embeddable":true,"href":"https:\/\/liberecky.pionyr.cz\/index.php?rest_route=\/wp\/v2\/users\/2"}],"replies":[{"embeddable":true,"href":"https:\/\/liberecky.pionyr.cz\/index.php?rest_route=%2Fwp%2Fv2%2Fcomments&post=78"}],"version-history":[{"count":0,"href":"https:\/\/liberecky.pionyr.cz\/index.php?rest_route=\/wp\/v2\/pages\/78\/revisions"}],"wp:attachment":[{"href":"https:\/\/liberecky.pionyr.cz\/index.php?rest_route=%2Fwp%2Fv2%2Fmedia&parent=78"}],"curies":[{"name":"wp","href":"https:\/\/api.w.org\/{rel}","templated":true}]}}